{"id":269,"date":"2024-12-16T14:45:44","date_gmt":"2024-12-16T13:45:44","guid":{"rendered":"https:\/\/actionmall.act.at\/shop\/1664\/?post_type=product&#038;p=269"},"modified":"2025-01-20T15:36:55","modified_gmt":"2025-01-20T14:36:55","slug":"skiday-am-annaberg","status":"publish","type":"product","link":"https:\/\/actionmall.act.at\/shop\/1664\/en\/produkt\/skiday-am-annaberg\/","title":{"rendered":"Skiday am Annaberg"},"content":{"rendered":"<table width=\"588\">\n<tbody>\n<tr>\n<td width=\"157\">F\u00fcr einen wundersch\u00f6nen Ausblick auf Nieder\u00f6sterreich und einen Adrenalinkick beim herruntersausen vom Berg<\/td>\n<\/tr>\n<\/tbody>\n<\/table>\n","protected":false},"excerpt":{"rendered":"<p>F\u00fcr einen wundersch\u00f6nen Ausblick auf Nieder\u00f6sterreich und einen Adrenalinkick beim herruntersausen vom Berg<\/p>\n","protected":false},"featured_media":270,"template":"","meta":[],"product_cat":[],"product_tag":[],"class_list":{"0":"post-269","1":"product","2":"type-product","3":"status-publish","4":"has-post-thumbnail","7":"first","8":"instock","9":"taxable","10":"shipping-taxable","11":"purchasable","12":"product-type-simple"},"_links":{"self":[{"href":"https:\/\/actionmall.act.at\/shop\/1664\/en\/wp-json\/wp\/v2\/product\/269"}],"collection":[{"href":"https:\/\/actionmall.act.at\/shop\/1664\/en\/wp-json\/wp\/v2\/product"}],"about":[{"href":"https:\/\/actionmall.act.at\/shop\/1664\/en\/wp-json\/wp\/v2\/types\/product"}],"wp:featuredmedia":[{"embeddable":true,"href":"https:\/\/actionmall.act.at\/shop\/1664\/en\/wp-json\/wp\/v2\/media\/270"}],"wp:attachment":[{"href":"https:\/\/actionmall.act.at\/shop\/1664\/en\/wp-json\/wp\/v2\/media?parent=269"}],"wp:term":[{"taxonomy":"product_cat","embeddable":true,"href":"https:\/\/actionmall.act.at\/shop\/1664\/en\/wp-json\/wp\/v2\/product_cat?post=269"},{"taxonomy":"product_tag","embeddable":true,"href":"https:\/\/actionmall.act.at\/shop\/1664\/en\/wp-json\/wp\/v2\/product_tag?post=269"}],"curies":[{"name":"wp","href":"https:\/\/api.w.org\/{rel}","templated":true}]}}