{"id":285,"date":"2024-12-16T15:36:53","date_gmt":"2024-12-16T14:36:53","guid":{"rendered":"https:\/\/actionmall.act.at\/shop\/1664\/?post_type=product&#038;p=285"},"modified":"2025-01-20T15:32:49","modified_gmt":"2025-01-20T14:32:49","slug":"surf-kurs","status":"publish","type":"product","link":"https:\/\/actionmall.act.at\/shop\/1664\/produkt\/surf-kurs\/","title":{"rendered":"Surf Kurs"},"content":{"rendered":"<p>2,5 st\u00fcndiger Surf Kurs f\u00fcr Anf\u00e4nger, 30 min Pause, min. 10 Personen erforderlich, Ausr\u00fcstung erh\u00e4lt man Vorort<\/p>\n","protected":false},"excerpt":{"rendered":"<p>2,5 st\u00fcndiger Surf Kurs f\u00fcr Anf\u00e4nger, 30 min Pause, min. 10 Personen erforderlich, Ausr\u00fcstung erh\u00e4lt man Vorort<\/p>\n","protected":false},"featured_media":286,"template":"","meta":[],"product_cat":[],"product_tag":[],"class_list":{"0":"post-285","1":"product","2":"type-product","3":"status-publish","4":"has-post-thumbnail","7":"first","8":"instock","9":"taxable","10":"shipping-taxable","11":"purchasable","12":"product-type-simple"},"_links":{"self":[{"href":"https:\/\/actionmall.act.at\/shop\/1664\/wp-json\/wp\/v2\/product\/285"}],"collection":[{"href":"https:\/\/actionmall.act.at\/shop\/1664\/wp-json\/wp\/v2\/product"}],"about":[{"href":"https:\/\/actionmall.act.at\/shop\/1664\/wp-json\/wp\/v2\/types\/product"}],"wp:featuredmedia":[{"embeddable":true,"href":"https:\/\/actionmall.act.at\/shop\/1664\/wp-json\/wp\/v2\/media\/286"}],"wp:attachment":[{"href":"https:\/\/actionmall.act.at\/shop\/1664\/wp-json\/wp\/v2\/media?parent=285"}],"wp:term":[{"taxonomy":"product_cat","embeddable":true,"href":"https:\/\/actionmall.act.at\/shop\/1664\/wp-json\/wp\/v2\/product_cat?post=285"},{"taxonomy":"product_tag","embeddable":true,"href":"https:\/\/actionmall.act.at\/shop\/1664\/wp-json\/wp\/v2\/product_tag?post=285"}],"curies":[{"name":"wp","href":"https:\/\/api.w.org\/{rel}","templated":true}]}}