{"id":291,"date":"2024-12-16T15:51:41","date_gmt":"2024-12-16T14:51:41","guid":{"rendered":"https:\/\/actionmall.act.at\/shop\/1664\/?post_type=product&#038;p=291"},"modified":"2025-01-20T15:31:45","modified_gmt":"2025-01-20T14:31:45","slug":"schneller-lesen-und-mehr-verstehen","status":"publish","type":"product","link":"https:\/\/actionmall.act.at\/shop\/1664\/produkt\/schneller-lesen-und-mehr-verstehen\/","title":{"rendered":"Schneller lesen und mehr verstehen"},"content":{"rendered":"<p>Lernen Sie jetzt Tipps und Tricks f\u00fcrs schnelle Lesen und besseres Verst\u00e4ndnis f\u00fcr den Text.<\/p>\n","protected":false},"excerpt":{"rendered":"<p>Lernen Sie jetzt Tipps und Tricks f\u00fcrs schnelle Lesen und besseres Verst\u00e4ndnis f\u00fcr den Text.<\/p>\n","protected":false},"featured_media":292,"template":"","meta":[],"product_cat":[],"product_tag":[],"class_list":{"0":"post-291","1":"product","2":"type-product","3":"status-publish","4":"has-post-thumbnail","7":"first","8":"instock","9":"taxable","10":"shipping-taxable","11":"purchasable","12":"product-type-simple"},"_links":{"self":[{"href":"https:\/\/actionmall.act.at\/shop\/1664\/wp-json\/wp\/v2\/product\/291"}],"collection":[{"href":"https:\/\/actionmall.act.at\/shop\/1664\/wp-json\/wp\/v2\/product"}],"about":[{"href":"https:\/\/actionmall.act.at\/shop\/1664\/wp-json\/wp\/v2\/types\/product"}],"wp:featuredmedia":[{"embeddable":true,"href":"https:\/\/actionmall.act.at\/shop\/1664\/wp-json\/wp\/v2\/media\/292"}],"wp:attachment":[{"href":"https:\/\/actionmall.act.at\/shop\/1664\/wp-json\/wp\/v2\/media?parent=291"}],"wp:term":[{"taxonomy":"product_cat","embeddable":true,"href":"https:\/\/actionmall.act.at\/shop\/1664\/wp-json\/wp\/v2\/product_cat?post=291"},{"taxonomy":"product_tag","embeddable":true,"href":"https:\/\/actionmall.act.at\/shop\/1664\/wp-json\/wp\/v2\/product_tag?post=291"}],"curies":[{"name":"wp","href":"https:\/\/api.w.org\/{rel}","templated":true}]}}