{"id":251,"date":"2024-11-04T08:46:23","date_gmt":"2024-11-04T07:46:23","guid":{"rendered":"https:\/\/actionmall.act.at\/shop\/1737\/?post_type=product&#038;p=251"},"modified":"2025-12-01T10:53:26","modified_gmt":"2025-12-01T09:53:26","slug":"massagesessel","status":"publish","type":"product","link":"https:\/\/actionmall.act.at\/shop\/1737\/en\/produkt\/massagesessel\/","title":{"rendered":"Massagesessel"},"content":{"rendered":"<p><span class=\"fontstyle0\">Artikelnummer: 1000<br \/>\nRuhe f\u00fcr den K\u00f6rper!<br \/>\n<\/span><span class=\"fontstyle0\">Dieser Heim-Massagesessel f\u00fcr den ganzen K\u00f6rper, kann getrennt oder gemeinsam Nacken, Schultern, R\u00fccken, Oberschenkel, Waden und F\u00fc\u00dfe massieren. Die Geschwindigkeit und die Massageart k\u00f6nnen dabei beliebig angepasst werden. Gekoppelt mit einer LED-Leuchte direkt \u00fcber dem Kopf, sorgt dies f\u00fcr eine Massage, wie unter freiem Himmel. Der Sessel ist aus schwarzem Leder<\/span><\/p>\n","protected":false},"excerpt":{"rendered":"<p>Artikelnummer: 1000 Ruhe f\u00fcr den K\u00f6rper! Dieser Heim-Massagesessel f\u00fcr den ganzen K\u00f6rper, kann getrennt oder gemeinsam Nacken, Schultern, R\u00fccken, Oberschenkel, Waden und F\u00fc\u00dfe massieren. Die Geschwindigkeit und die Massageart k\u00f6nnen dabei beliebig angepasst werden. Gekoppelt mit einer LED-Leuchte direkt \u00fcber dem Kopf, sorgt dies f\u00fcr eine Massage, wie unter freiem Himmel. Der Sessel ist aus [&hellip;]<\/p>\n","protected":false},"featured_media":0,"template":"","meta":[],"product_cat":[],"product_tag":[],"class_list":{"0":"post-251","1":"product","2":"type-product","3":"status-publish","6":"first","7":"instock","8":"taxable","9":"shipping-taxable","10":"purchasable","11":"product-type-simple"},"_links":{"self":[{"href":"https:\/\/actionmall.act.at\/shop\/1737\/en\/wp-json\/wp\/v2\/product\/251"}],"collection":[{"href":"https:\/\/actionmall.act.at\/shop\/1737\/en\/wp-json\/wp\/v2\/product"}],"about":[{"href":"https:\/\/actionmall.act.at\/shop\/1737\/en\/wp-json\/wp\/v2\/types\/product"}],"wp:attachment":[{"href":"https:\/\/actionmall.act.at\/shop\/1737\/en\/wp-json\/wp\/v2\/media?parent=251"}],"wp:term":[{"taxonomy":"product_cat","embeddable":true,"href":"https:\/\/actionmall.act.at\/shop\/1737\/en\/wp-json\/wp\/v2\/product_cat?post=251"},{"taxonomy":"product_tag","embeddable":true,"href":"https:\/\/actionmall.act.at\/shop\/1737\/en\/wp-json\/wp\/v2\/product_tag?post=251"}],"curies":[{"name":"wp","href":"https:\/\/api.w.org\/{rel}","templated":true}]}}