{"id":258,"date":"2024-11-04T09:06:51","date_gmt":"2024-11-04T08:06:51","guid":{"rendered":"https:\/\/actionmall.act.at\/shop\/1737\/?post_type=product&#038;p=258"},"modified":"2024-11-08T11:56:34","modified_gmt":"2024-11-08T10:56:34","slug":"vegane-kerzen-4er-set","status":"publish","type":"product","link":"https:\/\/actionmall.act.at\/shop\/1737\/en\/produkt\/vegane-kerzen-4er-set\/","title":{"rendered":"Vegane Kerzen (4er Set)"},"content":{"rendered":"<p><span class=\"fontstyle0\">Artikelnummer: 3060<br \/>\nGr\u00f6\u00dfe: 7,5&#215;5,3<br \/>\nNichts verspr\u00fcht so wohlige Stimmung wie echter Kerzenschein. Die veganen Kerzen von Wellness for Life sind ein Must-have f\u00fcr jedes Zuhause. Sie sind nicht nur wundersch\u00f6n, sondern erf\u00fcllen auch den Raum mit einem traumhaften Duft.<br \/>\n<\/span><span class=\"fontstyle0\">Die 4 Duftrichtungen sind: Sea Salt &#038; Sage, Cinnamon &#038; Bayberry, Blueberry und Cranberry<\/span><\/p>\n","protected":false},"excerpt":{"rendered":"<p>Artikelnummer: 3060 Gr\u00f6\u00dfe: 7,5&#215;5,3 Nichts verspr\u00fcht so wohlige Stimmung wie echter Kerzenschein. Die veganen Kerzen von Wellness for Life sind ein Must-have f\u00fcr jedes Zuhause. Sie sind nicht nur wundersch\u00f6n, sondern erf\u00fcllen auch den Raum mit einem traumhaften Duft. Die 4 Duftrichtungen sind: Sea Salt &#038; Sage, Cinnamon &#038; Bayberry, Blueberry und Cranberry<\/p>\n","protected":false},"featured_media":0,"template":"","meta":[],"product_cat":[],"product_tag":[],"class_list":{"0":"post-258","1":"product","2":"type-product","3":"status-publish","6":"first","7":"instock","8":"taxable","9":"shipping-taxable","10":"purchasable","11":"product-type-simple"},"_links":{"self":[{"href":"https:\/\/actionmall.act.at\/shop\/1737\/en\/wp-json\/wp\/v2\/product\/258"}],"collection":[{"href":"https:\/\/actionmall.act.at\/shop\/1737\/en\/wp-json\/wp\/v2\/product"}],"about":[{"href":"https:\/\/actionmall.act.at\/shop\/1737\/en\/wp-json\/wp\/v2\/types\/product"}],"wp:attachment":[{"href":"https:\/\/actionmall.act.at\/shop\/1737\/en\/wp-json\/wp\/v2\/media?parent=258"}],"wp:term":[{"taxonomy":"product_cat","embeddable":true,"href":"https:\/\/actionmall.act.at\/shop\/1737\/en\/wp-json\/wp\/v2\/product_cat?post=258"},{"taxonomy":"product_tag","embeddable":true,"href":"https:\/\/actionmall.act.at\/shop\/1737\/en\/wp-json\/wp\/v2\/product_tag?post=258"}],"curies":[{"name":"wp","href":"https:\/\/api.w.org\/{rel}","templated":true}]}}