{"id":266,"date":"2024-11-04T09:22:52","date_gmt":"2024-11-04T08:22:52","guid":{"rendered":"https:\/\/actionmall.act.at\/shop\/1737\/?post_type=product&#038;p=266"},"modified":"2024-11-18T08:33:04","modified_gmt":"2024-11-18T07:33:04","slug":"bio-kopierpapier","status":"publish","type":"product","link":"https:\/\/actionmall.act.at\/shop\/1737\/en\/produkt\/bio-kopierpapier\/","title":{"rendered":"Bio-Kopierpapier"},"content":{"rendered":"<p><span class=\"fontstyle0\">Artikelnummer: 1050<br \/>\nGr\u00f6\u00dfe: 44x37x15<br \/>\n<\/span><span class=\"fontstyle0\">Einwandfreier Einsatz im allt\u00e4glichen B\u00fcrogebrauch<br \/>\n<\/span><span class=\"fontstyle0\">Unser nachhaltiger Bio-Kopierpapier ist in der \u00d6kobilanz jedem anderen Papier \u00fcberlegen. Wir bieten unser Bio-Kopierpapier im Papier-Format DIN A4 an. In einer Packung befindet sich 500 wei\u00dfe Bl\u00e4tter.<br \/>\n<\/span><\/p>\n","protected":false},"excerpt":{"rendered":"<p>Artikelnummer: 1050 Gr\u00f6\u00dfe: 44x37x15 Einwandfreier Einsatz im allt\u00e4glichen B\u00fcrogebrauch Unser nachhaltiger Bio-Kopierpapier ist in der \u00d6kobilanz jedem anderen Papier \u00fcberlegen. Wir bieten unser Bio-Kopierpapier im Papier-Format DIN A4 an. In einer Packung befindet sich 500 wei\u00dfe Bl\u00e4tter.<\/p>\n","protected":false},"featured_media":0,"template":"","meta":[],"product_cat":[],"product_tag":[],"class_list":{"0":"post-266","1":"product","2":"type-product","3":"status-publish","6":"first","7":"instock","8":"taxable","9":"shipping-taxable","10":"purchasable","11":"product-type-simple"},"_links":{"self":[{"href":"https:\/\/actionmall.act.at\/shop\/1737\/en\/wp-json\/wp\/v2\/product\/266"}],"collection":[{"href":"https:\/\/actionmall.act.at\/shop\/1737\/en\/wp-json\/wp\/v2\/product"}],"about":[{"href":"https:\/\/actionmall.act.at\/shop\/1737\/en\/wp-json\/wp\/v2\/types\/product"}],"wp:attachment":[{"href":"https:\/\/actionmall.act.at\/shop\/1737\/en\/wp-json\/wp\/v2\/media?parent=266"}],"wp:term":[{"taxonomy":"product_cat","embeddable":true,"href":"https:\/\/actionmall.act.at\/shop\/1737\/en\/wp-json\/wp\/v2\/product_cat?post=266"},{"taxonomy":"product_tag","embeddable":true,"href":"https:\/\/actionmall.act.at\/shop\/1737\/en\/wp-json\/wp\/v2\/product_tag?post=266"}],"curies":[{"name":"wp","href":"https:\/\/api.w.org\/{rel}","templated":true}]}}