{"id":269,"date":"2024-11-04T09:23:48","date_gmt":"2024-11-04T08:23:48","guid":{"rendered":"https:\/\/actionmall.act.at\/shop\/1737\/?post_type=product&#038;p=269"},"modified":"2024-11-08T11:27:46","modified_gmt":"2024-11-08T10:27:46","slug":"aloe-vera-wellness-set","status":"publish","type":"product","link":"https:\/\/actionmall.act.at\/shop\/1737\/en\/produkt\/aloe-vera-wellness-set\/","title":{"rendered":"Aloe Vera Wellness Set"},"content":{"rendered":"<p><span class=\"fontstyle0\">Artikelnummer: 3120 Wellness f\u00fcr zuhause Enth\u00e4lt:<br \/>\nGr\u00f6\u00dfe: 20&#215;30<br \/>\n<\/span><span class=\"fontstyle0\">300ml Duschgel, 300ml Schaumbad, 140 ml Body Spray, 120 ml Body Lotion, 200 g Badesalz, 4 Badebomben und 1 Badeschwamm enth\u00e4lt.<\/span><\/p>\n","protected":false},"excerpt":{"rendered":"<p>Artikelnummer: 3120 Wellness f\u00fcr zuhause Enth\u00e4lt: Gr\u00f6\u00dfe: 20&#215;30 300ml Duschgel, 300ml Schaumbad, 140 ml Body Spray, 120 ml Body Lotion, 200 g Badesalz, 4 Badebomben und 1 Badeschwamm enth\u00e4lt.<\/p>\n","protected":false},"featured_media":0,"template":"","meta":[],"product_cat":[],"product_tag":[],"class_list":{"0":"post-269","1":"product","2":"type-product","3":"status-publish","6":"first","7":"instock","8":"taxable","9":"shipping-taxable","10":"purchasable","11":"product-type-simple"},"_links":{"self":[{"href":"https:\/\/actionmall.act.at\/shop\/1737\/en\/wp-json\/wp\/v2\/product\/269"}],"collection":[{"href":"https:\/\/actionmall.act.at\/shop\/1737\/en\/wp-json\/wp\/v2\/product"}],"about":[{"href":"https:\/\/actionmall.act.at\/shop\/1737\/en\/wp-json\/wp\/v2\/types\/product"}],"wp:attachment":[{"href":"https:\/\/actionmall.act.at\/shop\/1737\/en\/wp-json\/wp\/v2\/media?parent=269"}],"wp:term":[{"taxonomy":"product_cat","embeddable":true,"href":"https:\/\/actionmall.act.at\/shop\/1737\/en\/wp-json\/wp\/v2\/product_cat?post=269"},{"taxonomy":"product_tag","embeddable":true,"href":"https:\/\/actionmall.act.at\/shop\/1737\/en\/wp-json\/wp\/v2\/product_tag?post=269"}],"curies":[{"name":"wp","href":"https:\/\/api.w.org\/{rel}","templated":true}]}}