{"id":272,"date":"2024-11-04T09:25:58","date_gmt":"2024-11-04T08:25:58","guid":{"rendered":"https:\/\/actionmall.act.at\/shop\/1737\/?post_type=product&#038;p=272"},"modified":"2024-11-08T11:27:33","modified_gmt":"2024-11-08T10:27:33","slug":"plueschwaermedecke","status":"publish","type":"product","link":"https:\/\/actionmall.act.at\/shop\/1737\/en\/produkt\/plueschwaermedecke\/","title":{"rendered":"Pl\u00fcschw\u00e4rmedecke"},"content":{"rendered":"<p><span class=\"fontstyle0\">Artikelnummer: 3100 <\/span><span class=\"fontstyle0\">Relax at home<br \/>\nGr\u00f6\u00dfe: 60x50x20<br \/>\n<\/span><span class=\"fontstyle0\">Die wohltuende W\u00e4rme einer kuschelig warmen Decke ist die beste Medizin, um einzuschlafen und in absoluter Entspannung erfrischt aufzuwachen. Das Beste: R\u00fcckenschmerzen, Nackenoder Schulterschmerzen lassen sich mit einer W\u00e4rmebehandlung mit konstanter Temperatur lindern.<br \/>\n<\/span><\/p>\n","protected":false},"excerpt":{"rendered":"<p>Artikelnummer: 3100 Relax at home Gr\u00f6\u00dfe: 60x50x20 Die wohltuende W\u00e4rme einer kuschelig warmen Decke ist die beste Medizin, um einzuschlafen und in absoluter Entspannung erfrischt aufzuwachen. Das Beste: R\u00fcckenschmerzen, Nackenoder Schulterschmerzen lassen sich mit einer W\u00e4rmebehandlung mit konstanter Temperatur lindern.<\/p>\n","protected":false},"featured_media":0,"template":"","meta":[],"product_cat":[],"product_tag":[],"class_list":{"0":"post-272","1":"product","2":"type-product","3":"status-publish","6":"first","7":"instock","8":"taxable","9":"shipping-taxable","10":"purchasable","11":"product-type-simple"},"_links":{"self":[{"href":"https:\/\/actionmall.act.at\/shop\/1737\/en\/wp-json\/wp\/v2\/product\/272"}],"collection":[{"href":"https:\/\/actionmall.act.at\/shop\/1737\/en\/wp-json\/wp\/v2\/product"}],"about":[{"href":"https:\/\/actionmall.act.at\/shop\/1737\/en\/wp-json\/wp\/v2\/types\/product"}],"wp:attachment":[{"href":"https:\/\/actionmall.act.at\/shop\/1737\/en\/wp-json\/wp\/v2\/media?parent=272"}],"wp:term":[{"taxonomy":"product_cat","embeddable":true,"href":"https:\/\/actionmall.act.at\/shop\/1737\/en\/wp-json\/wp\/v2\/product_cat?post=272"},{"taxonomy":"product_tag","embeddable":true,"href":"https:\/\/actionmall.act.at\/shop\/1737\/en\/wp-json\/wp\/v2\/product_tag?post=272"}],"curies":[{"name":"wp","href":"https:\/\/api.w.org\/{rel}","templated":true}]}}