{"id":281,"date":"2024-11-04T09:41:14","date_gmt":"2024-11-04T08:41:14","guid":{"rendered":"https:\/\/actionmall.act.at\/shop\/1737\/?post_type=product&#038;p=281"},"modified":"2024-11-04T09:41:14","modified_gmt":"2024-11-04T08:41:14","slug":"raumduft-in-4-aromen","status":"publish","type":"product","link":"https:\/\/actionmall.act.at\/shop\/1737\/en\/produkt\/raumduft-in-4-aromen\/","title":{"rendered":"Raumduft in 4 Aromen"},"content":{"rendered":"<p><span class=\"fontstyle0\">Artikelnummer: 3030 Duft f\u00fcr ein gutes Klima<br \/>\nGr\u00f6\u00dfe: 4&#215;20<br \/>\n<\/span><span class=\"fontstyle0\">Unsere Raumd\u00fcfte erm\u00f6glichen Ihnen eine entspannte Atmosph\u00e4re. Die D\u00fcfte sind antiallergisch. Wir bieten verschiedene Arten von D\u00fcften wie Lavendel, Lemongras, Sandelholz &#038; Amber und Vanille.<br \/>\n<\/span><span class=\"fontstyle0\">(4 x 100 ml)<\/span><\/p>\n","protected":false},"excerpt":{"rendered":"<p>Artikelnummer: 3030 Duft f\u00fcr ein gutes Klima Gr\u00f6\u00dfe: 4&#215;20 Unsere Raumd\u00fcfte erm\u00f6glichen Ihnen eine entspannte Atmosph\u00e4re. Die D\u00fcfte sind antiallergisch. Wir bieten verschiedene Arten von D\u00fcften wie Lavendel, Lemongras, Sandelholz &#038; Amber und Vanille. (4 x 100 ml)<\/p>\n","protected":false},"featured_media":283,"template":"","meta":[],"product_cat":[],"product_tag":[],"class_list":{"0":"post-281","1":"product","2":"type-product","3":"status-publish","4":"has-post-thumbnail","7":"first","8":"instock","9":"taxable","10":"shipping-taxable","11":"purchasable","12":"product-type-simple"},"_links":{"self":[{"href":"https:\/\/actionmall.act.at\/shop\/1737\/en\/wp-json\/wp\/v2\/product\/281"}],"collection":[{"href":"https:\/\/actionmall.act.at\/shop\/1737\/en\/wp-json\/wp\/v2\/product"}],"about":[{"href":"https:\/\/actionmall.act.at\/shop\/1737\/en\/wp-json\/wp\/v2\/types\/product"}],"wp:featuredmedia":[{"embeddable":true,"href":"https:\/\/actionmall.act.at\/shop\/1737\/en\/wp-json\/"}],"wp:attachment":[{"href":"https:\/\/actionmall.act.at\/shop\/1737\/en\/wp-json\/wp\/v2\/media?parent=281"}],"wp:term":[{"taxonomy":"product_cat","embeddable":true,"href":"https:\/\/actionmall.act.at\/shop\/1737\/en\/wp-json\/wp\/v2\/product_cat?post=281"},{"taxonomy":"product_tag","embeddable":true,"href":"https:\/\/actionmall.act.at\/shop\/1737\/en\/wp-json\/wp\/v2\/product_tag?post=281"}],"curies":[{"name":"wp","href":"https:\/\/api.w.org\/{rel}","templated":true}]}}