{"id":351,"date":"2026-03-02T09:27:10","date_gmt":"2026-03-02T08:27:10","guid":{"rendered":"https:\/\/actionmall.act.at\/shop\/1737\/?post_type=product&#038;p=351"},"modified":"2026-03-02T09:28:47","modified_gmt":"2026-03-02T08:28:47","slug":"entspannungsset","status":"publish","type":"product","link":"https:\/\/actionmall.act.at\/shop\/1737\/en\/produkt\/entspannungsset\/","title":{"rendered":"Massageger\u00e4t"},"content":{"rendered":"<p>Artikelnummer: 1200<\/p>\n<ul>\n<li>6 diverse Aufs\u00e4tze<\/li>\n<li>Lange Akkukapazit\u00e4t<\/li>\n<li>5 Stufen der Geschwindigkeit<\/li>\n<li>28&#215;15<\/li>\n<li>1,5 KG<\/li>\n<\/ul>\n<p>&nbsp;<\/p>\n<p>Kompakte Massagepistole mit 6 verschiedenen Aufs\u00e4tzen, langer Akkukapazit\u00e4t und 5 Geschwindigkeitsstufen f\u00fcr individuelle Muskelentspannung. Mit einer Gr\u00f6\u00dfe von 28 \u00d7 15 cm und einem Gewicht von 1,5 kg ideal f\u00fcr den flexiblen Einsatz.<\/p>\n","protected":false},"excerpt":{"rendered":"<p>Artikelnummer: 1200 6 diverse Aufs\u00e4tze Lange Akkukapazit\u00e4t 5 Stufen der Geschwindigkeit 28&#215;15 1,5 KG &nbsp; Kompakte Massagepistole mit 6 verschiedenen Aufs\u00e4tzen, langer Akkukapazit\u00e4t und 5 Geschwindigkeitsstufen f\u00fcr individuelle Muskelentspannung. Mit einer Gr\u00f6\u00dfe von 28 \u00d7 15 cm und einem Gewicht von 1,5 kg ideal f\u00fcr den flexiblen Einsatz.<\/p>\n","protected":false},"featured_media":356,"template":"","meta":[],"product_cat":[45],"product_tag":[],"class_list":{"0":"post-351","1":"product","2":"type-product","3":"status-publish","4":"has-post-thumbnail","6":"product_cat-sport-veranstaltungen-hobbies","8":"first","9":"instock","10":"taxable","11":"shipping-taxable","12":"purchasable","13":"product-type-simple"},"_links":{"self":[{"href":"https:\/\/actionmall.act.at\/shop\/1737\/en\/wp-json\/wp\/v2\/product\/351"}],"collection":[{"href":"https:\/\/actionmall.act.at\/shop\/1737\/en\/wp-json\/wp\/v2\/product"}],"about":[{"href":"https:\/\/actionmall.act.at\/shop\/1737\/en\/wp-json\/wp\/v2\/types\/product"}],"wp:featuredmedia":[{"embeddable":true,"href":"https:\/\/actionmall.act.at\/shop\/1737\/en\/wp-json\/wp\/v2\/media\/356"}],"wp:attachment":[{"href":"https:\/\/actionmall.act.at\/shop\/1737\/en\/wp-json\/wp\/v2\/media?parent=351"}],"wp:term":[{"taxonomy":"product_cat","embeddable":true,"href":"https:\/\/actionmall.act.at\/shop\/1737\/en\/wp-json\/wp\/v2\/product_cat?post=351"},{"taxonomy":"product_tag","embeddable":true,"href":"https:\/\/actionmall.act.at\/shop\/1737\/en\/wp-json\/wp\/v2\/product_tag?post=351"}],"curies":[{"name":"wp","href":"https:\/\/api.w.org\/{rel}","templated":true}]}}