{"id":352,"date":"2026-03-02T09:24:36","date_gmt":"2026-03-02T08:24:36","guid":{"rendered":"https:\/\/actionmall.act.at\/shop\/1737\/?post_type=product&#038;p=352"},"modified":"2026-03-02T09:24:36","modified_gmt":"2026-03-02T08:24:36","slug":"hoehenverstellbarer-schreibtisch-mit-epoxid-led-licht","status":"publish","type":"product","link":"https:\/\/actionmall.act.at\/shop\/1737\/en\/produkt\/hoehenverstellbarer-schreibtisch-mit-epoxid-led-licht\/","title":{"rendered":"H\u00f6henverstellbarer Schreibtisch mit Epoxid-Led-Licht"},"content":{"rendered":"<p>Artikelnummer: 2200<br \/>\nPerfekt f\u00fcr Messen &#038; B\u00fcro<\/p>\n<ul>\n<li>Massivholz-Platte 180 x 76 cm<\/li>\n<li>5 gespeicherte H\u00f6henprofile<\/li>\n<li>Maximalbelastung 130 kg<\/li>\n<li>Der Schreibtisch wird sorgf\u00e4ltig von Hand geschliffen und ge\u00f6lt, sodass eine besonders glatte, elegante und hochwertige Oberfl\u00e4che entsteht.<\/li>\n<\/ul>\n<p>Epoxid\u2013Led\u2013Licht verstellbar<\/p>\n<p>Artikelnummer: 2200<br \/>\nPerfekt f\u00fcr Messen &#038; B\u00fcro<\/p>\n<ul>\n<li>Massivholz-Platte 180 x 76 cm<\/li>\n<li>5 gespeicherte H\u00f6henprofile<\/li>\n<li>Maximalbelastung 130 kg<\/li>\n<li>Der Schreibtisch wird sorgf\u00e4ltig von Hand geschliffen und ge\u00f6lt, sodass eine besonders glatte, elegante und hochwertige Oberfl\u00e4che entsteht.<\/li>\n<\/ul>\n<p>Epoxid\u2013Led\u2013Licht verstellbar<\/p>\n","protected":false},"excerpt":{"rendered":"<p>Artikelnummer: 2200 Perfekt f\u00fcr Messen &#038; B\u00fcro Massivholz-Platte 180 x 76 cm 5 gespeicherte H\u00f6henprofile Maximalbelastung 130 kg Der Schreibtisch wird sorgf\u00e4ltig von Hand geschliffen und ge\u00f6lt, sodass eine besonders glatte, elegante und hochwertige Oberfl\u00e4che entsteht. Epoxid\u2013Led\u2013Licht verstellbar Artikelnummer: 2200 Perfekt f\u00fcr Messen &#038; B\u00fcro Massivholz-Platte 180 x 76 cm 5 gespeicherte H\u00f6henprofile Maximalbelastung 130 [&hellip;]<\/p>\n","protected":false},"featured_media":353,"template":"","meta":[],"product_cat":[47],"product_tag":[],"class_list":{"0":"post-352","1":"product","2":"type-product","3":"status-publish","4":"has-post-thumbnail","6":"product_cat-buero-und-bueroeinrichtung","8":"first","9":"instock","10":"taxable","11":"shipping-taxable","12":"purchasable","13":"product-type-simple"},"_links":{"self":[{"href":"https:\/\/actionmall.act.at\/shop\/1737\/en\/wp-json\/wp\/v2\/product\/352"}],"collection":[{"href":"https:\/\/actionmall.act.at\/shop\/1737\/en\/wp-json\/wp\/v2\/product"}],"about":[{"href":"https:\/\/actionmall.act.at\/shop\/1737\/en\/wp-json\/wp\/v2\/types\/product"}],"wp:featuredmedia":[{"embeddable":true,"href":"https:\/\/actionmall.act.at\/shop\/1737\/en\/wp-json\/wp\/v2\/media\/353"}],"wp:attachment":[{"href":"https:\/\/actionmall.act.at\/shop\/1737\/en\/wp-json\/wp\/v2\/media?parent=352"}],"wp:term":[{"taxonomy":"product_cat","embeddable":true,"href":"https:\/\/actionmall.act.at\/shop\/1737\/en\/wp-json\/wp\/v2\/product_cat?post=352"},{"taxonomy":"product_tag","embeddable":true,"href":"https:\/\/actionmall.act.at\/shop\/1737\/en\/wp-json\/wp\/v2\/product_tag?post=352"}],"curies":[{"name":"wp","href":"https:\/\/api.w.org\/{rel}","templated":true}]}}