{"id":358,"date":"2026-03-02T09:31:54","date_gmt":"2026-03-02T08:31:54","guid":{"rendered":"https:\/\/actionmall.act.at\/shop\/1737\/?post_type=product&#038;p=358"},"modified":"2026-03-02T09:31:55","modified_gmt":"2026-03-02T08:31:55","slug":"bio-kopierpapier-5er-packung","status":"publish","type":"product","link":"https:\/\/actionmall.act.at\/shop\/1737\/en\/produkt\/bio-kopierpapier-5er-packung\/","title":{"rendered":"Bio-Kopierpapier (5er Packung)"},"content":{"rendered":"<p>Artikelnummer: 2300<\/p>\n<p>Einwandfreier Einsatz im allt\u00e4glichen B\u00fcrogebrauch<\/p>\n<p>Unser nachhaltiger Bio-Kopierpapier ist in der \u00d6kobilanz jedem anderen Papier \u00fcberlegen. Wir bieten unser Bio-Kopierpapier im Papier-Format DIN A4 an. In einer Packung befindet sich 500 wei\u00dfe Bl\u00e4tter.\u00a0\u00a080g pro g\/m<sup>2<\/sup><\/p>\n","protected":false},"excerpt":{"rendered":"<p>Artikelnummer: 2300 Einwandfreier Einsatz im allt\u00e4glichen B\u00fcrogebrauch Unser nachhaltiger Bio-Kopierpapier ist in der \u00d6kobilanz jedem anderen Papier \u00fcberlegen. Wir bieten unser Bio-Kopierpapier im Papier-Format DIN A4 an. In einer Packung befindet sich 500 wei\u00dfe Bl\u00e4tter.\u00a0\u00a080g pro g\/m2<\/p>\n","protected":false},"featured_media":360,"template":"","meta":[],"product_cat":[47],"product_tag":[],"class_list":{"0":"post-358","1":"product","2":"type-product","3":"status-publish","4":"has-post-thumbnail","6":"product_cat-buero-und-bueroeinrichtung","8":"first","9":"instock","10":"taxable","11":"shipping-taxable","12":"purchasable","13":"product-type-simple"},"_links":{"self":[{"href":"https:\/\/actionmall.act.at\/shop\/1737\/en\/wp-json\/wp\/v2\/product\/358"}],"collection":[{"href":"https:\/\/actionmall.act.at\/shop\/1737\/en\/wp-json\/wp\/v2\/product"}],"about":[{"href":"https:\/\/actionmall.act.at\/shop\/1737\/en\/wp-json\/wp\/v2\/types\/product"}],"wp:featuredmedia":[{"embeddable":true,"href":"https:\/\/actionmall.act.at\/shop\/1737\/en\/wp-json\/wp\/v2\/media\/360"}],"wp:attachment":[{"href":"https:\/\/actionmall.act.at\/shop\/1737\/en\/wp-json\/wp\/v2\/media?parent=358"}],"wp:term":[{"taxonomy":"product_cat","embeddable":true,"href":"https:\/\/actionmall.act.at\/shop\/1737\/en\/wp-json\/wp\/v2\/product_cat?post=358"},{"taxonomy":"product_tag","embeddable":true,"href":"https:\/\/actionmall.act.at\/shop\/1737\/en\/wp-json\/wp\/v2\/product_tag?post=358"}],"curies":[{"name":"wp","href":"https:\/\/api.w.org\/{rel}","templated":true}]}}