{"id":361,"date":"2026-03-02T09:34:22","date_gmt":"2026-03-02T08:34:22","guid":{"rendered":"https:\/\/actionmall.act.at\/shop\/1737\/?post_type=product&#038;p=361"},"modified":"2026-03-02T09:34:22","modified_gmt":"2026-03-02T08:34:22","slug":"schreibtischlampe","status":"publish","type":"product","link":"https:\/\/actionmall.act.at\/shop\/1737\/en\/produkt\/schreibtischlampe\/","title":{"rendered":"Schreibtischlampe"},"content":{"rendered":"<p>Artikelnummer: 2400<\/p>\n<p>B\u00fcroartikel passend zu ihrem B\u00fcro<\/p>\n<ul>\n<li>[Energieklasse A+]<\/li>\n<li>3 Helligkeitsstufen dimmbar,<\/li>\n<li>Ber\u00fchrungs Empfindlichkeit<\/li>\n<li>faltbar<\/li>\n<li>Farbe: Schwarz<\/li>\n<\/ul>\n<p>Tageslichtfunktion<\/p>\n","protected":false},"excerpt":{"rendered":"<p>Artikelnummer: 2400 B\u00fcroartikel passend zu ihrem B\u00fcro [Energieklasse A+] 3 Helligkeitsstufen dimmbar, Ber\u00fchrungs Empfindlichkeit faltbar Farbe: Schwarz Tageslichtfunktion<\/p>\n","protected":false},"featured_media":364,"template":"","meta":[],"product_cat":[47],"product_tag":[],"class_list":{"0":"post-361","1":"product","2":"type-product","3":"status-publish","4":"has-post-thumbnail","6":"product_cat-buero-und-bueroeinrichtung","8":"first","9":"instock","10":"taxable","11":"shipping-taxable","12":"purchasable","13":"product-type-simple"},"_links":{"self":[{"href":"https:\/\/actionmall.act.at\/shop\/1737\/en\/wp-json\/wp\/v2\/product\/361"}],"collection":[{"href":"https:\/\/actionmall.act.at\/shop\/1737\/en\/wp-json\/wp\/v2\/product"}],"about":[{"href":"https:\/\/actionmall.act.at\/shop\/1737\/en\/wp-json\/wp\/v2\/types\/product"}],"wp:featuredmedia":[{"embeddable":true,"href":"https:\/\/actionmall.act.at\/shop\/1737\/en\/wp-json\/wp\/v2\/media\/364"}],"wp:attachment":[{"href":"https:\/\/actionmall.act.at\/shop\/1737\/en\/wp-json\/wp\/v2\/media?parent=361"}],"wp:term":[{"taxonomy":"product_cat","embeddable":true,"href":"https:\/\/actionmall.act.at\/shop\/1737\/en\/wp-json\/wp\/v2\/product_cat?post=361"},{"taxonomy":"product_tag","embeddable":true,"href":"https:\/\/actionmall.act.at\/shop\/1737\/en\/wp-json\/wp\/v2\/product_tag?post=361"}],"curies":[{"name":"wp","href":"https:\/\/api.w.org\/{rel}","templated":true}]}}