{"id":255,"date":"2024-11-04T09:09:54","date_gmt":"2024-11-04T08:09:54","guid":{"rendered":"https:\/\/actionmall.act.at\/shop\/1737\/?post_type=product&#038;p=255"},"modified":"2024-11-18T08:31:50","modified_gmt":"2024-11-18T07:31:50","slug":"musiklautsprecher-3-set","status":"publish","type":"product","link":"https:\/\/actionmall.act.at\/shop\/1737\/produkt\/musiklautsprecher-3-set\/","title":{"rendered":"Musiklautsprecher 3-Set"},"content":{"rendered":"<p><span class=\"fontstyle0\">Artikelnummer: 1100<br \/>\nGr\u00f6\u00dfe: <\/span><span class=\"fontstyle0\">160 x 270 x 240 mm<br \/>\n<\/span><span class=\"fontstyle0\">Neuer Class D Verst\u00e4rker erzeugt mit 96 kHz Sampling einen reinen, ausgewogenen Bass Sound.<br \/>\n<\/span><span class=\"fontstyle0\">Hocht\u00f6ner und Tieft\u00f6ner sind perfekt aufeinander abgestimmt, sodass Sie alle Frequenzbereiche klar h\u00f6ren kannst <\/span><span class=\"fontstyle0\">Laufzeitkorrektur Gerillte Luftkan\u00e4le.<\/span><\/p>\n<p>&nbsp;<\/p>\n","protected":false},"excerpt":{"rendered":"<p>Artikelnummer: 1100 Gr\u00f6\u00dfe: 160 x 270 x 240 mm Neuer Class D Verst\u00e4rker erzeugt mit 96 kHz Sampling einen reinen, ausgewogenen Bass Sound. Hocht\u00f6ner und Tieft\u00f6ner sind perfekt aufeinander abgestimmt, sodass Sie alle Frequenzbereiche klar h\u00f6ren kannst Laufzeitkorrektur Gerillte Luftkan\u00e4le. &nbsp;<\/p>\n","protected":false},"featured_media":0,"template":"","meta":[],"product_cat":[],"product_tag":[],"class_list":{"0":"post-255","1":"product","2":"type-product","3":"status-publish","6":"first","7":"instock","8":"taxable","9":"shipping-taxable","10":"purchasable","11":"product-type-simple"},"_links":{"self":[{"href":"https:\/\/actionmall.act.at\/shop\/1737\/wp-json\/wp\/v2\/product\/255"}],"collection":[{"href":"https:\/\/actionmall.act.at\/shop\/1737\/wp-json\/wp\/v2\/product"}],"about":[{"href":"https:\/\/actionmall.act.at\/shop\/1737\/wp-json\/wp\/v2\/types\/product"}],"wp:attachment":[{"href":"https:\/\/actionmall.act.at\/shop\/1737\/wp-json\/wp\/v2\/media?parent=255"}],"wp:term":[{"taxonomy":"product_cat","embeddable":true,"href":"https:\/\/actionmall.act.at\/shop\/1737\/wp-json\/wp\/v2\/product_cat?post=255"},{"taxonomy":"product_tag","embeddable":true,"href":"https:\/\/actionmall.act.at\/shop\/1737\/wp-json\/wp\/v2\/product_tag?post=255"}],"curies":[{"name":"wp","href":"https:\/\/api.w.org\/{rel}","templated":true}]}}