{"id":271,"date":"2024-11-04T09:36:41","date_gmt":"2024-11-04T08:36:41","guid":{"rendered":"https:\/\/actionmall.act.at\/shop\/1737\/?post_type=product&#038;p=271"},"modified":"2024-11-08T11:27:20","modified_gmt":"2024-11-08T10:27:20","slug":"buerotischlampe","status":"publish","type":"product","link":"https:\/\/actionmall.act.at\/shop\/1737\/produkt\/buerotischlampe\/","title":{"rendered":"B\u00fcrotischlampe"},"content":{"rendered":"<p><span class=\"fontstyle0\">Artikelnummer: 1030<br \/>\nFarbe: Schwarz<br \/>\nGr\u00f6\u00dfe: 93x70x1,7<br \/>\nB\u00fcroartikel passend zu Ihrem B\u00fcro [Energieklasse A+] 7 Helligkeitsstufen dimmbar, ber\u00fchrungsempflindlich und faltbar 500 lm LED<\/span><\/p>\n","protected":false},"excerpt":{"rendered":"<p>Artikelnummer: 1030 Farbe: Schwarz Gr\u00f6\u00dfe: 93x70x1,7 B\u00fcroartikel passend zu Ihrem B\u00fcro [Energieklasse A+] 7 Helligkeitsstufen dimmbar, ber\u00fchrungsempflindlich und faltbar 500 lm LED<\/p>\n","protected":false},"featured_media":0,"template":"","meta":[],"product_cat":[],"product_tag":[],"class_list":{"0":"post-271","1":"product","2":"type-product","3":"status-publish","6":"first","7":"instock","8":"taxable","9":"shipping-taxable","10":"purchasable","11":"product-type-simple"},"_links":{"self":[{"href":"https:\/\/actionmall.act.at\/shop\/1737\/wp-json\/wp\/v2\/product\/271"}],"collection":[{"href":"https:\/\/actionmall.act.at\/shop\/1737\/wp-json\/wp\/v2\/product"}],"about":[{"href":"https:\/\/actionmall.act.at\/shop\/1737\/wp-json\/wp\/v2\/types\/product"}],"wp:attachment":[{"href":"https:\/\/actionmall.act.at\/shop\/1737\/wp-json\/wp\/v2\/media?parent=271"}],"wp:term":[{"taxonomy":"product_cat","embeddable":true,"href":"https:\/\/actionmall.act.at\/shop\/1737\/wp-json\/wp\/v2\/product_cat?post=271"},{"taxonomy":"product_tag","embeddable":true,"href":"https:\/\/actionmall.act.at\/shop\/1737\/wp-json\/wp\/v2\/product_tag?post=271"}],"curies":[{"name":"wp","href":"https:\/\/api.w.org\/{rel}","templated":true}]}}