{"id":274,"date":"2024-11-04T09:37:14","date_gmt":"2024-11-04T08:37:14","guid":{"rendered":"https:\/\/actionmall.act.at\/shop\/1737\/?post_type=product&#038;p=274"},"modified":"2024-11-08T11:27:08","modified_gmt":"2024-11-08T10:27:08","slug":"luftbefeuchter","status":"publish","type":"product","link":"https:\/\/actionmall.act.at\/shop\/1737\/produkt\/luftbefeuchter\/","title":{"rendered":"Luftbefeuchter"},"content":{"rendered":"<p><span class=\"fontstyle0\">Artikelnummer: 3130<br \/>\nGr\u00f6\u00dfe: 16x16x24<br \/>\n<\/span><span class=\"fontstyle0\">Luftbefeuchter und Duftdiffusor f\u00fcr \u00e4therische \u00d6le: Dies ist ein einzigartiger Luftbefeuchter, der wie eine Regenwolke mit Regentropfendesign aussieht. Das Design mit leichtem Wassernebel und Regentropfen kann die Luft befeuchten.<\/span><\/p>\n","protected":false},"excerpt":{"rendered":"<p>Artikelnummer: 3130 Gr\u00f6\u00dfe: 16x16x24 Luftbefeuchter und Duftdiffusor f\u00fcr \u00e4therische \u00d6le: Dies ist ein einzigartiger Luftbefeuchter, der wie eine Regenwolke mit Regentropfendesign aussieht. Das Design mit leichtem Wassernebel und Regentropfen kann die Luft befeuchten.<\/p>\n","protected":false},"featured_media":0,"template":"","meta":[],"product_cat":[],"product_tag":[],"class_list":{"0":"post-274","1":"product","2":"type-product","3":"status-publish","6":"first","7":"instock","8":"taxable","9":"shipping-taxable","10":"purchasable","11":"product-type-simple"},"_links":{"self":[{"href":"https:\/\/actionmall.act.at\/shop\/1737\/wp-json\/wp\/v2\/product\/274"}],"collection":[{"href":"https:\/\/actionmall.act.at\/shop\/1737\/wp-json\/wp\/v2\/product"}],"about":[{"href":"https:\/\/actionmall.act.at\/shop\/1737\/wp-json\/wp\/v2\/types\/product"}],"wp:attachment":[{"href":"https:\/\/actionmall.act.at\/shop\/1737\/wp-json\/wp\/v2\/media?parent=274"}],"wp:term":[{"taxonomy":"product_cat","embeddable":true,"href":"https:\/\/actionmall.act.at\/shop\/1737\/wp-json\/wp\/v2\/product_cat?post=274"},{"taxonomy":"product_tag","embeddable":true,"href":"https:\/\/actionmall.act.at\/shop\/1737\/wp-json\/wp\/v2\/product_tag?post=274"}],"curies":[{"name":"wp","href":"https:\/\/api.w.org\/{rel}","templated":true}]}}