{"id":278,"date":"2024-11-04T09:39:30","date_gmt":"2024-11-04T08:39:30","guid":{"rendered":"https:\/\/actionmall.act.at\/shop\/1737\/?post_type=product&#038;p=278"},"modified":"2024-11-08T11:26:56","modified_gmt":"2024-11-08T10:26:56","slug":"fussmassagegeraet","status":"publish","type":"product","link":"https:\/\/actionmall.act.at\/shop\/1737\/produkt\/fussmassagegeraet\/","title":{"rendered":"Fussmassageger\u00e4t"},"content":{"rendered":"<p><span class=\"fontstyle0\">Artikelnummer: 3010<br \/>\nGr\u00f6\u00dfe: 43x36x25<br \/>\n<\/span><span class=\"fontstyle0\">Gute Massage f\u00fcr die F\u00fc\u00dfe!<br \/>\n<\/span><span class=\"fontstyle0\">Intensiver Whirlpool-Effekt<br \/>\n<\/span><span class=\"fontstyle0\">Massage-Noppen zur Stimulierung der Fu\u00dfreflexzonen Zus\u00e4tzlich herausnehmbare Massagerolle<br \/>\n<\/span><span class=\"fontstyle0\">Beheizte Fu\u00dfauflage<br \/>\n<\/span><span class=\"fontstyle0\">4-Stufen-Schalter<\/span><\/p>\n","protected":false},"excerpt":{"rendered":"<p>Artikelnummer: 3010 Gr\u00f6\u00dfe: 43x36x25 Gute Massage f\u00fcr die F\u00fc\u00dfe! Intensiver Whirlpool-Effekt Massage-Noppen zur Stimulierung der Fu\u00dfreflexzonen Zus\u00e4tzlich herausnehmbare Massagerolle Beheizte Fu\u00dfauflage 4-Stufen-Schalter<\/p>\n","protected":false},"featured_media":0,"template":"","meta":[],"product_cat":[],"product_tag":[],"class_list":{"0":"post-278","1":"product","2":"type-product","3":"status-publish","6":"first","7":"instock","8":"taxable","9":"shipping-taxable","10":"purchasable","11":"product-type-simple"},"_links":{"self":[{"href":"https:\/\/actionmall.act.at\/shop\/1737\/wp-json\/wp\/v2\/product\/278"}],"collection":[{"href":"https:\/\/actionmall.act.at\/shop\/1737\/wp-json\/wp\/v2\/product"}],"about":[{"href":"https:\/\/actionmall.act.at\/shop\/1737\/wp-json\/wp\/v2\/types\/product"}],"wp:attachment":[{"href":"https:\/\/actionmall.act.at\/shop\/1737\/wp-json\/wp\/v2\/media?parent=278"}],"wp:term":[{"taxonomy":"product_cat","embeddable":true,"href":"https:\/\/actionmall.act.at\/shop\/1737\/wp-json\/wp\/v2\/product_cat?post=278"},{"taxonomy":"product_tag","embeddable":true,"href":"https:\/\/actionmall.act.at\/shop\/1737\/wp-json\/wp\/v2\/product_tag?post=278"}],"curies":[{"name":"wp","href":"https:\/\/api.w.org\/{rel}","templated":true}]}}