{"id":347,"date":"2026-03-02T09:15:40","date_gmt":"2026-03-02T08:15:40","guid":{"rendered":"https:\/\/actionmall.act.at\/shop\/1737\/?post_type=product&#038;p=347"},"modified":"2026-03-02T09:15:40","modified_gmt":"2026-03-02T08:15:40","slug":"komfort-buerosessel","status":"publish","type":"product","link":"https:\/\/actionmall.act.at\/shop\/1737\/produkt\/komfort-buerosessel\/","title":{"rendered":"Komfort-B\u00fcrosessel"},"content":{"rendered":"<p>Artikelnummer: 2000<\/p>\n<p>Ruhe f\u00fcr den K\u00f6rper!<\/p>\n<p>Dieser B\u00fcrostuhl ist sehr angenehm f\u00fcr den K\u00f6rper und hilft dabei sich zu konzentrieren. Der Stuhl ist so gestaltet, dass der R\u00fccken gerade bleibt und keine Schmerzen verursacht. Die Armlehnen dienen dazu die Arme in nat\u00fcrlicher Position zu halten.<\/p>\n","protected":false},"excerpt":{"rendered":"<p>Artikelnummer: 2000 Ruhe f\u00fcr den K\u00f6rper! Dieser B\u00fcrostuhl ist sehr angenehm f\u00fcr den K\u00f6rper und hilft dabei sich zu konzentrieren. Der Stuhl ist so gestaltet, dass der R\u00fccken gerade bleibt und keine Schmerzen verursacht. Die Armlehnen dienen dazu die Arme in nat\u00fcrlicher Position zu halten.<\/p>\n","protected":false},"featured_media":348,"template":"","meta":[],"product_cat":[47],"product_tag":[],"class_list":{"0":"post-347","1":"product","2":"type-product","3":"status-publish","4":"has-post-thumbnail","6":"product_cat-buero-und-bueroeinrichtung","8":"first","9":"instock","10":"taxable","11":"shipping-taxable","12":"purchasable","13":"product-type-simple"},"_links":{"self":[{"href":"https:\/\/actionmall.act.at\/shop\/1737\/wp-json\/wp\/v2\/product\/347"}],"collection":[{"href":"https:\/\/actionmall.act.at\/shop\/1737\/wp-json\/wp\/v2\/product"}],"about":[{"href":"https:\/\/actionmall.act.at\/shop\/1737\/wp-json\/wp\/v2\/types\/product"}],"wp:featuredmedia":[{"embeddable":true,"href":"https:\/\/actionmall.act.at\/shop\/1737\/wp-json\/wp\/v2\/media\/348"}],"wp:attachment":[{"href":"https:\/\/actionmall.act.at\/shop\/1737\/wp-json\/wp\/v2\/media?parent=347"}],"wp:term":[{"taxonomy":"product_cat","embeddable":true,"href":"https:\/\/actionmall.act.at\/shop\/1737\/wp-json\/wp\/v2\/product_cat?post=347"},{"taxonomy":"product_tag","embeddable":true,"href":"https:\/\/actionmall.act.at\/shop\/1737\/wp-json\/wp\/v2\/product_tag?post=347"}],"curies":[{"name":"wp","href":"https:\/\/api.w.org\/{rel}","templated":true}]}}