{"id":349,"date":"2026-03-02T09:21:43","date_gmt":"2026-03-02T08:21:43","guid":{"rendered":"https:\/\/actionmall.act.at\/shop\/1737\/?post_type=product&#038;p=349"},"modified":"2026-03-02T09:21:44","modified_gmt":"2026-03-02T08:21:44","slug":"profi-arbitsschrank","status":"publish","type":"product","link":"https:\/\/actionmall.act.at\/shop\/1737\/produkt\/profi-arbitsschrank\/","title":{"rendered":"Profi Arbitsschrank"},"content":{"rendered":"<p>Artikelnummer: 2100<\/p>\n<p>Ebenso optimal f\u00fcr den \u00dcFA Raum<\/p>\n<ul>\n<li style=\"list-style-type: none\">\n<ul>\n<li>80 x 42 x 180,8 cm<\/li>\n<\/ul>\n<\/li>\n<\/ul>\n<ul>\n<li>67 kg<\/li>\n<li>Nachhaltiges Bio Holz<\/li>\n<\/ul>\n<p>Spezieller Arbeitsschrank mit Fl\u00fcgelt\u00fcren und inkl. 4 Schubf\u00e4cher. Bietet viel Platz f\u00fcr Arbeitsmaterialien<\/p>\n","protected":false},"excerpt":{"rendered":"<p>Artikelnummer: 2100 Ebenso optimal f\u00fcr den \u00dcFA Raum 80 x 42 x 180,8 cm 67 kg Nachhaltiges Bio Holz Spezieller Arbeitsschrank mit Fl\u00fcgelt\u00fcren und inkl. 4 Schubf\u00e4cher. Bietet viel Platz f\u00fcr Arbeitsmaterialien<\/p>\n","protected":false},"featured_media":350,"template":"","meta":[],"product_cat":[47],"product_tag":[],"class_list":{"0":"post-349","1":"product","2":"type-product","3":"status-publish","4":"has-post-thumbnail","6":"product_cat-buero-und-bueroeinrichtung","8":"first","9":"instock","10":"taxable","11":"shipping-taxable","12":"purchasable","13":"product-type-simple"},"_links":{"self":[{"href":"https:\/\/actionmall.act.at\/shop\/1737\/wp-json\/wp\/v2\/product\/349"}],"collection":[{"href":"https:\/\/actionmall.act.at\/shop\/1737\/wp-json\/wp\/v2\/product"}],"about":[{"href":"https:\/\/actionmall.act.at\/shop\/1737\/wp-json\/wp\/v2\/types\/product"}],"wp:featuredmedia":[{"embeddable":true,"href":"https:\/\/actionmall.act.at\/shop\/1737\/wp-json\/wp\/v2\/media\/350"}],"wp:attachment":[{"href":"https:\/\/actionmall.act.at\/shop\/1737\/wp-json\/wp\/v2\/media?parent=349"}],"wp:term":[{"taxonomy":"product_cat","embeddable":true,"href":"https:\/\/actionmall.act.at\/shop\/1737\/wp-json\/wp\/v2\/product_cat?post=349"},{"taxonomy":"product_tag","embeddable":true,"href":"https:\/\/actionmall.act.at\/shop\/1737\/wp-json\/wp\/v2\/product_tag?post=349"}],"curies":[{"name":"wp","href":"https:\/\/api.w.org\/{rel}","templated":true}]}}