{"id":366,"date":"2026-03-02T09:37:13","date_gmt":"2026-03-02T08:37:13","guid":{"rendered":"https:\/\/actionmall.act.at\/shop\/1737\/?post_type=product&#038;p=366"},"modified":"2026-03-02T09:37:13","modified_gmt":"2026-03-02T08:37:13","slug":"multifunktionsdrucker","status":"publish","type":"product","link":"https:\/\/actionmall.act.at\/shop\/1737\/produkt\/multifunktionsdrucker\/","title":{"rendered":"Multifunktionsdrucker"},"content":{"rendered":"<p>Artikelnummer: 2500<\/p>\n<ul>\n<li>Bluetooth<\/li>\n<li>Farben<\/li>\n<li>40&#215;50 cm<\/li>\n<li>7 KG<\/li>\n<\/ul>\n<p>Kompakter Drucker mit Bluetooth-Funktion, erh\u00e4ltlich in verschiedenen Farben. Mit einer Gr\u00f6\u00dfe von 40 \u00d7 50 cm und einem Gewicht von 7 kg ist er platzsparend und leicht zu transportieren<\/p>\n","protected":false},"excerpt":{"rendered":"<p>Artikelnummer: 2500 Bluetooth Farben 40&#215;50 cm 7 KG Kompakter Drucker mit Bluetooth-Funktion, erh\u00e4ltlich in verschiedenen Farben. Mit einer Gr\u00f6\u00dfe von 40 \u00d7 50 cm und einem Gewicht von 7 kg ist er platzsparend und leicht zu transportieren<\/p>\n","protected":false},"featured_media":368,"template":"","meta":[],"product_cat":[47],"product_tag":[],"class_list":{"0":"post-366","1":"product","2":"type-product","3":"status-publish","4":"has-post-thumbnail","6":"product_cat-buero-und-bueroeinrichtung","8":"first","9":"instock","10":"taxable","11":"shipping-taxable","12":"purchasable","13":"product-type-simple"},"_links":{"self":[{"href":"https:\/\/actionmall.act.at\/shop\/1737\/wp-json\/wp\/v2\/product\/366"}],"collection":[{"href":"https:\/\/actionmall.act.at\/shop\/1737\/wp-json\/wp\/v2\/product"}],"about":[{"href":"https:\/\/actionmall.act.at\/shop\/1737\/wp-json\/wp\/v2\/types\/product"}],"wp:featuredmedia":[{"embeddable":true,"href":"https:\/\/actionmall.act.at\/shop\/1737\/wp-json\/wp\/v2\/media\/368"}],"wp:attachment":[{"href":"https:\/\/actionmall.act.at\/shop\/1737\/wp-json\/wp\/v2\/media?parent=366"}],"wp:term":[{"taxonomy":"product_cat","embeddable":true,"href":"https:\/\/actionmall.act.at\/shop\/1737\/wp-json\/wp\/v2\/product_cat?post=366"},{"taxonomy":"product_tag","embeddable":true,"href":"https:\/\/actionmall.act.at\/shop\/1737\/wp-json\/wp\/v2\/product_tag?post=366"}],"curies":[{"name":"wp","href":"https:\/\/api.w.org\/{rel}","templated":true}]}}