{"id":369,"date":"2026-03-02T10:16:27","date_gmt":"2026-03-02T09:16:27","guid":{"rendered":"https:\/\/actionmall.act.at\/shop\/1737\/?post_type=product&#038;p=369"},"modified":"2026-03-02T10:16:27","modified_gmt":"2026-03-02T09:16:27","slug":"wellness-und-fitness-set","status":"publish","type":"product","link":"https:\/\/actionmall.act.at\/shop\/1737\/produkt\/wellness-und-fitness-set\/","title":{"rendered":"Wellness- und Fitness-Set"},"content":{"rendered":"<p>Artikelnummer: 1500<\/p>\n<p>Wellness f\u00fcr zuhause<\/p>\n<ul>\n<li>Set inkl. Fitness- und Wellnessger\u00e4te<\/li>\n<li>Viele verschiedene diverse Wohlf\u00fchl Ger\u00e4te<\/li>\n<li>Nachhaltiges Material<\/li>\n<li>Inkludiert: Kleines Handtuch, Matte, Massage Pistole, Wellness Ball, Trinkflasche<\/li>\n<\/ul>\n","protected":false},"excerpt":{"rendered":"<p>Artikelnummer: 1500 Wellness f\u00fcr zuhause Set inkl. Fitness- und Wellnessger\u00e4te Viele verschiedene diverse Wohlf\u00fchl Ger\u00e4te Nachhaltiges Material Inkludiert: Kleines Handtuch, Matte, Massage Pistole, Wellness Ball, Trinkflasche<\/p>\n","protected":false},"featured_media":370,"template":"","meta":[],"product_cat":[45,46],"product_tag":[],"class_list":{"0":"post-369","1":"product","2":"type-product","3":"status-publish","4":"has-post-thumbnail","6":"product_cat-sport-veranstaltungen-hobbies","7":"product_cat-gesundheit-und-wellness","9":"first","10":"instock","11":"taxable","12":"shipping-taxable","13":"purchasable","14":"product-type-simple"},"_links":{"self":[{"href":"https:\/\/actionmall.act.at\/shop\/1737\/wp-json\/wp\/v2\/product\/369"}],"collection":[{"href":"https:\/\/actionmall.act.at\/shop\/1737\/wp-json\/wp\/v2\/product"}],"about":[{"href":"https:\/\/actionmall.act.at\/shop\/1737\/wp-json\/wp\/v2\/types\/product"}],"wp:featuredmedia":[{"embeddable":true,"href":"https:\/\/actionmall.act.at\/shop\/1737\/wp-json\/wp\/v2\/media\/370"}],"wp:attachment":[{"href":"https:\/\/actionmall.act.at\/shop\/1737\/wp-json\/wp\/v2\/media?parent=369"}],"wp:term":[{"taxonomy":"product_cat","embeddable":true,"href":"https:\/\/actionmall.act.at\/shop\/1737\/wp-json\/wp\/v2\/product_cat?post=369"},{"taxonomy":"product_tag","embeddable":true,"href":"https:\/\/actionmall.act.at\/shop\/1737\/wp-json\/wp\/v2\/product_tag?post=369"}],"curies":[{"name":"wp","href":"https:\/\/api.w.org\/{rel}","templated":true}]}}