{"id":373,"date":"2026-03-02T10:33:13","date_gmt":"2026-03-02T09:33:13","guid":{"rendered":"https:\/\/actionmall.act.at\/shop\/1737\/?post_type=product&#038;p=373"},"modified":"2026-03-02T10:33:13","modified_gmt":"2026-03-02T09:33:13","slug":"honig-500g","status":"publish","type":"product","link":"https:\/\/actionmall.act.at\/shop\/1737\/produkt\/honig-500g\/","title":{"rendered":"Honig (500g)"},"content":{"rendered":"<p>Artikelnummer: 3100<\/p>\n<ul>\n<li>Honig<\/li>\n<li>500g<\/li>\n<\/ul>\n<p><strong>Honig aus unserem Schulgarten<br \/>\n<\/strong>Dieser Honig wird in unserem Schulgarten mit viel Sorgfalt hergestellt. Die Bienen sammeln Nektar aus den Bl\u00fcten rund um den Garten und erzeugen so einen nat\u00fcrlichen, mild-s\u00fc\u00dfen Honig. Ein besonderes Produkt aus gemeinsamer schulischer Arbeit.<\/p>\n<h1><\/h1>\n","protected":false},"excerpt":{"rendered":"<p>Artikelnummer: 3100 Honig 500g Honig aus unserem Schulgarten Dieser Honig wird in unserem Schulgarten mit viel Sorgfalt hergestellt. Die Bienen sammeln Nektar aus den Bl\u00fcten rund um den Garten und erzeugen so einen nat\u00fcrlichen, mild-s\u00fc\u00dfen Honig. Ein besonderes Produkt aus gemeinsamer schulischer Arbeit.<\/p>\n","protected":false},"featured_media":372,"template":"","meta":[],"product_cat":[44],"product_tag":[],"class_list":{"0":"post-373","1":"product","2":"type-product","3":"status-publish","4":"has-post-thumbnail","6":"product_cat-essen-und-trinken","8":"first","9":"instock","10":"taxable","11":"shipping-taxable","12":"purchasable","13":"product-type-simple"},"_links":{"self":[{"href":"https:\/\/actionmall.act.at\/shop\/1737\/wp-json\/wp\/v2\/product\/373"}],"collection":[{"href":"https:\/\/actionmall.act.at\/shop\/1737\/wp-json\/wp\/v2\/product"}],"about":[{"href":"https:\/\/actionmall.act.at\/shop\/1737\/wp-json\/wp\/v2\/types\/product"}],"wp:featuredmedia":[{"embeddable":true,"href":"https:\/\/actionmall.act.at\/shop\/1737\/wp-json\/wp\/v2\/media\/372"}],"wp:attachment":[{"href":"https:\/\/actionmall.act.at\/shop\/1737\/wp-json\/wp\/v2\/media?parent=373"}],"wp:term":[{"taxonomy":"product_cat","embeddable":true,"href":"https:\/\/actionmall.act.at\/shop\/1737\/wp-json\/wp\/v2\/product_cat?post=373"},{"taxonomy":"product_tag","embeddable":true,"href":"https:\/\/actionmall.act.at\/shop\/1737\/wp-json\/wp\/v2\/product_tag?post=373"}],"curies":[{"name":"wp","href":"https:\/\/api.w.org\/{rel}","templated":true}]}}