{"id":381,"date":"2026-05-04T10:58:57","date_gmt":"2026-05-04T08:58:57","guid":{"rendered":"https:\/\/actionmall.act.at\/shop\/1737\/?post_type=product&#038;p=381"},"modified":"2026-05-04T10:59:08","modified_gmt":"2026-05-04T08:59:08","slug":"wellness-stuhl","status":"publish","type":"product","link":"https:\/\/actionmall.act.at\/shop\/1737\/produkt\/wellness-stuhl\/","title":{"rendered":"Wellness Stuhl"},"content":{"rendered":"<p>Kunstleder<\/p>\n<p>R\u00fccken, Nacken, Fu\u00df, W\u00e4rmefunktion, Verstellbare Fu\u00dfst\u00fctze<\/p>\n","protected":false},"excerpt":{"rendered":"<p>Kunstleder R\u00fccken, Nacken, Fu\u00df, W\u00e4rmefunktion, Verstellbare Fu\u00dfst\u00fctze<\/p>\n","protected":false},"featured_media":382,"template":"","meta":[],"product_cat":[46],"product_tag":[],"class_list":{"0":"post-381","1":"product","2":"type-product","3":"status-publish","4":"has-post-thumbnail","6":"product_cat-gesundheit-und-wellness","8":"first","9":"instock","10":"taxable","11":"shipping-taxable","12":"purchasable","13":"product-type-simple"},"_links":{"self":[{"href":"https:\/\/actionmall.act.at\/shop\/1737\/wp-json\/wp\/v2\/product\/381"}],"collection":[{"href":"https:\/\/actionmall.act.at\/shop\/1737\/wp-json\/wp\/v2\/product"}],"about":[{"href":"https:\/\/actionmall.act.at\/shop\/1737\/wp-json\/wp\/v2\/types\/product"}],"wp:featuredmedia":[{"embeddable":true,"href":"https:\/\/actionmall.act.at\/shop\/1737\/wp-json\/wp\/v2\/media\/382"}],"wp:attachment":[{"href":"https:\/\/actionmall.act.at\/shop\/1737\/wp-json\/wp\/v2\/media?parent=381"}],"wp:term":[{"taxonomy":"product_cat","embeddable":true,"href":"https:\/\/actionmall.act.at\/shop\/1737\/wp-json\/wp\/v2\/product_cat?post=381"},{"taxonomy":"product_tag","embeddable":true,"href":"https:\/\/actionmall.act.at\/shop\/1737\/wp-json\/wp\/v2\/product_tag?post=381"}],"curies":[{"name":"wp","href":"https:\/\/api.w.org\/{rel}","templated":true}]}}