{"id":280,"date":"2025-11-26T12:08:29","date_gmt":"2025-11-26T11:08:29","guid":{"rendered":"https:\/\/actionmall.act.at\/shop\/1783\/?post_type=product&#038;p=280"},"modified":"2026-04-22T13:08:38","modified_gmt":"2026-04-22T11:08:38","slug":"gruener-veltliner-zeisen-weinviertel-2023","status":"publish","type":"product","link":"https:\/\/actionmall.act.at\/shop\/1783\/en\/produkt\/gruener-veltliner-zeisen-weinviertel-2023\/","title":{"rendered":"Gr\u00fcner Veltliner Zeisen Weinviertel 2023"},"content":{"rendered":"<p>Unser strahlend gr\u00fcngelber Wein verf\u00fchrt mit einem Bouquet frischer<br \/>\nKr\u00e4uter und einem Hauch von wei\u00dfem Pfeffer. Am Gaumen dominieren<br \/>\nAromen von knackigem Apfel und saftiger Birne, begleitet von einem sehr<br \/>\nguten Trinkfluss. Die saftige F\u00fclle und ein Hauch von Pfeffer im Abgang<br \/>\nerg\u00e4nzen sich perfekt mit einem angenehmen Spiel von Extrakts\u00fc\u00dfe und<br \/>\nS\u00e4ure. Ein Wein, der Ihre Sinne verw\u00f6hnt und den Gaumen umschmeichelt.<br \/>\nWir empfehlen diesen Wein besonders zu Gefl\u00fcgel, Schwein, Gem\u00fcse und<br \/>\nPasta. Uns pers\u00f6nlich schmeckt dieser Wein zu Gem\u00fcselasagne am besten.<\/p>\n","protected":false},"excerpt":{"rendered":"<p>Unser strahlend gr\u00fcngelber Wein verf\u00fchrt mit einem Bouquet frischer Kr\u00e4uter und einem Hauch von wei\u00dfem Pfeffer. Am Gaumen dominieren Aromen von knackigem Apfel und saftiger Birne, begleitet von einem sehr guten Trinkfluss. Die saftige F\u00fclle und ein Hauch von Pfeffer im Abgang erg\u00e4nzen sich perfekt mit einem angenehmen Spiel von Extrakts\u00fc\u00dfe und S\u00e4ure. Ein Wein, [&hellip;]<\/p>\n","protected":false},"featured_media":281,"template":"","meta":[],"product_cat":[44],"product_tag":[],"class_list":{"0":"post-280","1":"product","2":"type-product","3":"status-publish","4":"has-post-thumbnail","6":"product_cat-essen-und-trinken","8":"first","9":"instock","10":"taxable","11":"shipping-taxable","12":"purchasable","13":"product-type-simple"},"_links":{"self":[{"href":"https:\/\/actionmall.act.at\/shop\/1783\/en\/wp-json\/wp\/v2\/product\/280"}],"collection":[{"href":"https:\/\/actionmall.act.at\/shop\/1783\/en\/wp-json\/wp\/v2\/product"}],"about":[{"href":"https:\/\/actionmall.act.at\/shop\/1783\/en\/wp-json\/wp\/v2\/types\/product"}],"wp:featuredmedia":[{"embeddable":true,"href":"https:\/\/actionmall.act.at\/shop\/1783\/en\/wp-json\/wp\/v2\/media\/281"}],"wp:attachment":[{"href":"https:\/\/actionmall.act.at\/shop\/1783\/en\/wp-json\/wp\/v2\/media?parent=280"}],"wp:term":[{"taxonomy":"product_cat","embeddable":true,"href":"https:\/\/actionmall.act.at\/shop\/1783\/en\/wp-json\/wp\/v2\/product_cat?post=280"},{"taxonomy":"product_tag","embeddable":true,"href":"https:\/\/actionmall.act.at\/shop\/1783\/en\/wp-json\/wp\/v2\/product_tag?post=280"}],"curies":[{"name":"wp","href":"https:\/\/api.w.org\/{rel}","templated":true}]}}