{"id":311,"date":"2026-04-22T12:43:44","date_gmt":"2026-04-22T10:43:44","guid":{"rendered":"https:\/\/actionmall.act.at\/shop\/1783\/?post_type=product&#038;p=311"},"modified":"2026-04-22T12:43:44","modified_gmt":"2026-04-22T10:43:44","slug":"burgenland-blaufraenkisch-2018","status":"publish","type":"product","link":"https:\/\/actionmall.act.at\/shop\/1783\/en\/produkt\/burgenland-blaufraenkisch-2018\/","title":{"rendered":"Burgenland Blaufr\u00e4nkisch 2018"},"content":{"rendered":"<p>Sch\u00f6nes Rubinrot; fruchtig, nach Kirschen und Beeren, zarte Gew\u00fcrznoten, feinnervig am Gaumen, lebhafter Ausklang. Gleichzeitig ein sehr sch\u00f6ner Alltagswein.<\/p>\n","protected":false},"excerpt":{"rendered":"<p>Sch\u00f6nes Rubinrot; fruchtig, nach Kirschen und Beeren, zarte Gew\u00fcrznoten, feinnervig am Gaumen, lebhafter Ausklang. Gleichzeitig ein sehr sch\u00f6ner Alltagswein.<\/p>\n","protected":false},"featured_media":312,"template":"","meta":[],"product_cat":[44],"product_tag":[],"class_list":{"0":"post-311","1":"product","2":"type-product","3":"status-publish","4":"has-post-thumbnail","6":"product_cat-essen-und-trinken","8":"first","9":"instock","10":"taxable","11":"shipping-taxable","12":"purchasable","13":"product-type-simple"},"_links":{"self":[{"href":"https:\/\/actionmall.act.at\/shop\/1783\/en\/wp-json\/wp\/v2\/product\/311"}],"collection":[{"href":"https:\/\/actionmall.act.at\/shop\/1783\/en\/wp-json\/wp\/v2\/product"}],"about":[{"href":"https:\/\/actionmall.act.at\/shop\/1783\/en\/wp-json\/wp\/v2\/types\/product"}],"wp:featuredmedia":[{"embeddable":true,"href":"https:\/\/actionmall.act.at\/shop\/1783\/en\/wp-json\/wp\/v2\/media\/312"}],"wp:attachment":[{"href":"https:\/\/actionmall.act.at\/shop\/1783\/en\/wp-json\/wp\/v2\/media?parent=311"}],"wp:term":[{"taxonomy":"product_cat","embeddable":true,"href":"https:\/\/actionmall.act.at\/shop\/1783\/en\/wp-json\/wp\/v2\/product_cat?post=311"},{"taxonomy":"product_tag","embeddable":true,"href":"https:\/\/actionmall.act.at\/shop\/1783\/en\/wp-json\/wp\/v2\/product_tag?post=311"}],"curies":[{"name":"wp","href":"https:\/\/api.w.org\/{rel}","templated":true}]}}