{"id":313,"date":"2026-04-22T12:47:19","date_gmt":"2026-04-22T10:47:19","guid":{"rendered":"https:\/\/actionmall.act.at\/shop\/1783\/?post_type=product&#038;p=313"},"modified":"2026-04-22T12:47:19","modified_gmt":"2026-04-22T10:47:19","slug":"gruener-veltliner-silberbichl-wachau-dac-2021","status":"publish","type":"product","link":"https:\/\/actionmall.act.at\/shop\/1783\/en\/produkt\/gruener-veltliner-silberbichl-wachau-dac-2021\/","title":{"rendered":"Gr\u00fcner Veltliner Silberbichl Wachau DAC 2021"},"content":{"rendered":"<p>In der Nase Nuancen von Zitruszesten, florale Aromen, Ananas und Maracuja, am Gaumen extrakts\u00fc\u00dfe Tropenfrucht, feiner, vibrierender S\u00e4urebogen, mineralisch im\u00a0Abgang.<\/p>\n","protected":false},"excerpt":{"rendered":"<p>In der Nase Nuancen von Zitruszesten, florale Aromen, Ananas und Maracuja, am Gaumen extrakts\u00fc\u00dfe Tropenfrucht, feiner, vibrierender S\u00e4urebogen, mineralisch im\u00a0Abgang.<\/p>\n","protected":false},"featured_media":314,"template":"","meta":[],"product_cat":[44],"product_tag":[],"class_list":{"0":"post-313","1":"product","2":"type-product","3":"status-publish","4":"has-post-thumbnail","6":"product_cat-essen-und-trinken","8":"first","9":"instock","10":"taxable","11":"shipping-taxable","12":"purchasable","13":"product-type-simple"},"_links":{"self":[{"href":"https:\/\/actionmall.act.at\/shop\/1783\/en\/wp-json\/wp\/v2\/product\/313"}],"collection":[{"href":"https:\/\/actionmall.act.at\/shop\/1783\/en\/wp-json\/wp\/v2\/product"}],"about":[{"href":"https:\/\/actionmall.act.at\/shop\/1783\/en\/wp-json\/wp\/v2\/types\/product"}],"wp:featuredmedia":[{"embeddable":true,"href":"https:\/\/actionmall.act.at\/shop\/1783\/en\/wp-json\/wp\/v2\/media\/314"}],"wp:attachment":[{"href":"https:\/\/actionmall.act.at\/shop\/1783\/en\/wp-json\/wp\/v2\/media?parent=313"}],"wp:term":[{"taxonomy":"product_cat","embeddable":true,"href":"https:\/\/actionmall.act.at\/shop\/1783\/en\/wp-json\/wp\/v2\/product_cat?post=313"},{"taxonomy":"product_tag","embeddable":true,"href":"https:\/\/actionmall.act.at\/shop\/1783\/en\/wp-json\/wp\/v2\/product_tag?post=313"}],"curies":[{"name":"wp","href":"https:\/\/api.w.org\/{rel}","templated":true}]}}