{"id":319,"date":"2026-04-22T12:59:30","date_gmt":"2026-04-22T10:59:30","guid":{"rendered":"https:\/\/actionmall.act.at\/shop\/1783\/?post_type=product&#038;p=319"},"modified":"2026-04-22T13:07:54","modified_gmt":"2026-04-22T11:07:54","slug":"gelber-muskateller-ried-gamitz-dac-2019","status":"publish","type":"product","link":"https:\/\/actionmall.act.at\/shop\/1783\/en\/produkt\/gelber-muskateller-ried-gamitz-dac-2019\/","title":{"rendered":"Gelber Muskateller Ried Gamitz DAC 2019"},"content":{"rendered":"<p>Helles Gelb mit gr\u00fcnlichen Reflexen, in der Nase intensive Muskattraube, Holunderbl\u00fcte und Zitrus, am Gaumen saftig, aromatisch, feine Fruchts\u00fc\u00dfe, lebendige S\u00e4ure, frisch und klar im Abgang.<\/p>\n","protected":false},"excerpt":{"rendered":"<p>Helles Gelb mit gr\u00fcnlichen Reflexen, in der Nase intensive Muskattraube, Holunderbl\u00fcte und Zitrus, am Gaumen saftig, aromatisch, feine Fruchts\u00fc\u00dfe, lebendige S\u00e4ure, frisch und klar im Abgang.<\/p>\n","protected":false},"featured_media":320,"template":"","meta":[],"product_cat":[44],"product_tag":[],"class_list":{"0":"post-319","1":"product","2":"type-product","3":"status-publish","4":"has-post-thumbnail","6":"product_cat-essen-und-trinken","8":"first","9":"instock","10":"taxable","11":"shipping-taxable","12":"purchasable","13":"product-type-simple"},"_links":{"self":[{"href":"https:\/\/actionmall.act.at\/shop\/1783\/en\/wp-json\/wp\/v2\/product\/319"}],"collection":[{"href":"https:\/\/actionmall.act.at\/shop\/1783\/en\/wp-json\/wp\/v2\/product"}],"about":[{"href":"https:\/\/actionmall.act.at\/shop\/1783\/en\/wp-json\/wp\/v2\/types\/product"}],"wp:featuredmedia":[{"embeddable":true,"href":"https:\/\/actionmall.act.at\/shop\/1783\/en\/wp-json\/wp\/v2\/media\/320"}],"wp:attachment":[{"href":"https:\/\/actionmall.act.at\/shop\/1783\/en\/wp-json\/wp\/v2\/media?parent=319"}],"wp:term":[{"taxonomy":"product_cat","embeddable":true,"href":"https:\/\/actionmall.act.at\/shop\/1783\/en\/wp-json\/wp\/v2\/product_cat?post=319"},{"taxonomy":"product_tag","embeddable":true,"href":"https:\/\/actionmall.act.at\/shop\/1783\/en\/wp-json\/wp\/v2\/product_tag?post=319"}],"curies":[{"name":"wp","href":"https:\/\/api.w.org\/{rel}","templated":true}]}}