{"id":277,"date":"2025-11-26T12:01:50","date_gmt":"2025-11-26T11:01:50","guid":{"rendered":"https:\/\/actionmall.act.at\/shop\/1783\/?post_type=product&#038;p=277"},"modified":"2026-04-22T13:08:58","modified_gmt":"2026-04-22T11:08:58","slug":"s-a-u-v-i-g-n-o-n-b-l-a-n-c-r-i-e-d-p-o-h-a-r-n-i-g-2-0-22","status":"publish","type":"product","link":"https:\/\/actionmall.act.at\/shop\/1783\/produkt\/s-a-u-v-i-g-n-o-n-b-l-a-n-c-r-i-e-d-p-o-h-a-r-n-i-g-2-0-22\/","title":{"rendered":"Sauvignon Blanc Ried Poharnig 2022"},"content":{"rendered":"<p>Entdecken Sie einen Wein, gepr\u00e4gt von Feuersteinnoten, k\u00fchlen<br \/>\nFruchtaromen und frischen Alpenblumen. Noten von Johannisbeerbl\u00e4ttern<br \/>\nverleihen ihm eine einzigartige Nuance. Am Gaumen zeigt er sich elegant<br \/>\nmit einer vibrierenden S\u00e4ure und k\u00fchler, salziger Mineralit\u00e4t. Sein Abgang<br \/>\nist delikat saftig. Ein wahres Geschmackserlebnis, das die Sinne befl\u00fcgelt.<br \/>\nWir empfehlen diesen Wein zu Krustentieren, Muscheln, Kalb und Gem\u00fcse<br \/>\nsowie Pasta.<\/p>\n","protected":false},"excerpt":{"rendered":"<p>Entdecken Sie einen Wein, gepr\u00e4gt von Feuersteinnoten, k\u00fchlen Fruchtaromen und frischen Alpenblumen. Noten von Johannisbeerbl\u00e4ttern verleihen ihm eine einzigartige Nuance. Am Gaumen zeigt er sich elegant mit einer vibrierenden S\u00e4ure und k\u00fchler, salziger Mineralit\u00e4t. Sein Abgang ist delikat saftig. Ein wahres Geschmackserlebnis, das die Sinne befl\u00fcgelt. Wir empfehlen diesen Wein zu Krustentieren, Muscheln, Kalb und [&hellip;]<\/p>\n","protected":false},"featured_media":278,"template":"","meta":[],"product_cat":[44],"product_tag":[],"class_list":{"0":"post-277","1":"product","2":"type-product","3":"status-publish","4":"has-post-thumbnail","6":"product_cat-essen-und-trinken","8":"first","9":"instock","10":"taxable","11":"shipping-taxable","12":"purchasable","13":"product-type-simple"},"_links":{"self":[{"href":"https:\/\/actionmall.act.at\/shop\/1783\/wp-json\/wp\/v2\/product\/277"}],"collection":[{"href":"https:\/\/actionmall.act.at\/shop\/1783\/wp-json\/wp\/v2\/product"}],"about":[{"href":"https:\/\/actionmall.act.at\/shop\/1783\/wp-json\/wp\/v2\/types\/product"}],"wp:featuredmedia":[{"embeddable":true,"href":"https:\/\/actionmall.act.at\/shop\/1783\/wp-json\/wp\/v2\/media\/278"}],"wp:attachment":[{"href":"https:\/\/actionmall.act.at\/shop\/1783\/wp-json\/wp\/v2\/media?parent=277"}],"wp:term":[{"taxonomy":"product_cat","embeddable":true,"href":"https:\/\/actionmall.act.at\/shop\/1783\/wp-json\/wp\/v2\/product_cat?post=277"},{"taxonomy":"product_tag","embeddable":true,"href":"https:\/\/actionmall.act.at\/shop\/1783\/wp-json\/wp\/v2\/product_tag?post=277"}],"curies":[{"name":"wp","href":"https:\/\/api.w.org\/{rel}","templated":true}]}}