{"id":289,"date":"2026-01-21T11:37:04","date_gmt":"2026-01-21T10:37:04","guid":{"rendered":"https:\/\/actionmall.act.at\/shop\/1783\/?post_type=product&#038;p=289"},"modified":"2026-04-22T13:09:15","modified_gmt":"2026-04-22T11:09:15","slug":"toskana-caparzo-montalcinobrunello-di-montalcino-docg-2018-rotwein","status":"publish","type":"product","link":"https:\/\/actionmall.act.at\/shop\/1783\/produkt\/toskana-caparzo-montalcinobrunello-di-montalcino-docg-2018-rotwein\/","title":{"rendered":"Toskana Caparzo, MontalcinoBrunello di Montalcino DOCG 2018 Rotwein"},"content":{"rendered":"<p>Der Wein besitzt die Farbe Rubinrot mit einem granatroten Schwimmer. Brunello die Montalcino verleiht einen Veilchenduft mit roten Fr\u00fcchten, gefolgt von feinen Kaffeenoten. Am Gaumen schmeckt der Wein vollmundig mit einem gut eingebundenen Tannin. Es erfolgt ein langer Abgang mit fruchtigen Elementen.<\/p>\n<p>Den Wein kann man gut zu Lamm, Gem\u00fcse, Pasta, Risotto und K\u00e4se trinken. Unsere pers\u00f6nliche Empfehlung ist das Steinpilzrisotto.<\/p>\n<p>Eine Empfehlung des Hauses.<\/p>\n<p>Verpassen Sie nicht dieses aromatische Erlebnis und schlagen Sie zu.<\/p>\n<p>&nbsp;<\/p>\n<p>Nur solange der Vorrat reicht<\/p>\n<p>&nbsp;<\/p>\n<p>Taste Wine GmbH<\/p>\n","protected":false},"excerpt":{"rendered":"<p>Brunello die Montalcino ein perfekter Rotwein f\u00fcr jeden Anlass.<\/p>\n","protected":false},"featured_media":290,"template":"","meta":[],"product_cat":[44],"product_tag":[],"class_list":{"0":"post-289","1":"product","2":"type-product","3":"status-publish","4":"has-post-thumbnail","6":"product_cat-essen-und-trinken","8":"first","9":"instock","10":"sale","11":"taxable","12":"shipping-taxable","13":"purchasable","14":"product-type-simple"},"_links":{"self":[{"href":"https:\/\/actionmall.act.at\/shop\/1783\/wp-json\/wp\/v2\/product\/289"}],"collection":[{"href":"https:\/\/actionmall.act.at\/shop\/1783\/wp-json\/wp\/v2\/product"}],"about":[{"href":"https:\/\/actionmall.act.at\/shop\/1783\/wp-json\/wp\/v2\/types\/product"}],"wp:featuredmedia":[{"embeddable":true,"href":"https:\/\/actionmall.act.at\/shop\/1783\/wp-json\/wp\/v2\/media\/290"}],"wp:attachment":[{"href":"https:\/\/actionmall.act.at\/shop\/1783\/wp-json\/wp\/v2\/media?parent=289"}],"wp:term":[{"taxonomy":"product_cat","embeddable":true,"href":"https:\/\/actionmall.act.at\/shop\/1783\/wp-json\/wp\/v2\/product_cat?post=289"},{"taxonomy":"product_tag","embeddable":true,"href":"https:\/\/actionmall.act.at\/shop\/1783\/wp-json\/wp\/v2\/product_tag?post=289"}],"curies":[{"name":"wp","href":"https:\/\/api.w.org\/{rel}","templated":true}]}}