{"id":315,"date":"2026-04-22T12:49:20","date_gmt":"2026-04-22T10:49:20","guid":{"rendered":"https:\/\/actionmall.act.at\/shop\/1783\/?post_type=product&#038;p=315"},"modified":"2026-04-22T12:49:20","modified_gmt":"2026-04-22T10:49:20","slug":"riesling-federspiel-terrassen-wachau-dac-halbflasche-2022","status":"publish","type":"product","link":"https:\/\/actionmall.act.at\/shop\/1783\/produkt\/riesling-federspiel-terrassen-wachau-dac-halbflasche-2022\/","title":{"rendered":"Riesling Federspiel Terrassen Wachau DAC Halbflasche 2022"},"content":{"rendered":"<p>Strahlendes Gr\u00fcn mit gelben Reflexen, in der Nase wei\u00dfer Pfirsich, Marillenbl\u00fcte und feine W\u00fcrze, am Gaumen reife Marille, Bl\u00fctenhonig, Hauch Exotik, frische, pikante S\u00e4ure, feinfruchtig und ausgewogen, mineralisch im Abgang.<\/p>\n","protected":false},"excerpt":{"rendered":"<p>Strahlendes Gr\u00fcn mit gelben Reflexen, in der Nase wei\u00dfer Pfirsich, Marillenbl\u00fcte und feine W\u00fcrze, am Gaumen reife Marille, Bl\u00fctenhonig, Hauch Exotik, frische, pikante S\u00e4ure, feinfruchtig und ausgewogen, mineralisch im Abgang.<\/p>\n","protected":false},"featured_media":316,"template":"","meta":[],"product_cat":[44],"product_tag":[],"class_list":{"0":"post-315","1":"product","2":"type-product","3":"status-publish","4":"has-post-thumbnail","6":"product_cat-essen-und-trinken","8":"first","9":"instock","10":"taxable","11":"shipping-taxable","12":"purchasable","13":"product-type-simple"},"_links":{"self":[{"href":"https:\/\/actionmall.act.at\/shop\/1783\/wp-json\/wp\/v2\/product\/315"}],"collection":[{"href":"https:\/\/actionmall.act.at\/shop\/1783\/wp-json\/wp\/v2\/product"}],"about":[{"href":"https:\/\/actionmall.act.at\/shop\/1783\/wp-json\/wp\/v2\/types\/product"}],"wp:featuredmedia":[{"embeddable":true,"href":"https:\/\/actionmall.act.at\/shop\/1783\/wp-json\/wp\/v2\/media\/316"}],"wp:attachment":[{"href":"https:\/\/actionmall.act.at\/shop\/1783\/wp-json\/wp\/v2\/media?parent=315"}],"wp:term":[{"taxonomy":"product_cat","embeddable":true,"href":"https:\/\/actionmall.act.at\/shop\/1783\/wp-json\/wp\/v2\/product_cat?post=315"},{"taxonomy":"product_tag","embeddable":true,"href":"https:\/\/actionmall.act.at\/shop\/1783\/wp-json\/wp\/v2\/product_tag?post=315"}],"curies":[{"name":"wp","href":"https:\/\/api.w.org\/{rel}","templated":true}]}}