{"id":317,"date":"2026-04-22T12:53:57","date_gmt":"2026-04-22T10:53:57","guid":{"rendered":"https:\/\/actionmall.act.at\/shop\/1783\/?post_type=product&#038;p=317"},"modified":"2026-04-22T12:53:57","modified_gmt":"2026-04-22T10:53:57","slug":"chardonnay-ried-strasser-gaisberg-2021","status":"publish","type":"product","link":"https:\/\/actionmall.act.at\/shop\/1783\/produkt\/chardonnay-ried-strasser-gaisberg-2021\/","title":{"rendered":"Chardonnay Ried Strasser Gaisberg 2021"},"content":{"rendered":"<p>Goldfarben, in der Nase exotische Fr\u00fcchte, Pfirsich, feine Vanillearomen, Brioche, dezentes Toasting, am Gaumen perfekte Harmonie, F\u00fclle und Finesse, verf\u00fchrerischer Fruchtschmelz, gereifte Exotik nach Ananas- und Banane, feine Mineralik, unendliche L\u00e4nge.<\/p>\n","protected":false},"excerpt":{"rendered":"<p>Goldfarben, in der Nase exotische Fr\u00fcchte, Pfirsich, feine Vanillearomen, Brioche, dezentes Toasting, am Gaumen perfekte Harmonie, F\u00fclle und Finesse, verf\u00fchrerischer Fruchtschmelz, gereifte Exotik nach Ananas- und Banane, feine Mineralik, unendliche L\u00e4nge.<\/p>\n","protected":false},"featured_media":318,"template":"","meta":[],"product_cat":[44],"product_tag":[],"class_list":{"0":"post-317","1":"product","2":"type-product","3":"status-publish","4":"has-post-thumbnail","6":"product_cat-essen-und-trinken","8":"first","9":"instock","10":"taxable","11":"shipping-taxable","12":"purchasable","13":"product-type-simple"},"_links":{"self":[{"href":"https:\/\/actionmall.act.at\/shop\/1783\/wp-json\/wp\/v2\/product\/317"}],"collection":[{"href":"https:\/\/actionmall.act.at\/shop\/1783\/wp-json\/wp\/v2\/product"}],"about":[{"href":"https:\/\/actionmall.act.at\/shop\/1783\/wp-json\/wp\/v2\/types\/product"}],"wp:featuredmedia":[{"embeddable":true,"href":"https:\/\/actionmall.act.at\/shop\/1783\/wp-json\/wp\/v2\/media\/318"}],"wp:attachment":[{"href":"https:\/\/actionmall.act.at\/shop\/1783\/wp-json\/wp\/v2\/media?parent=317"}],"wp:term":[{"taxonomy":"product_cat","embeddable":true,"href":"https:\/\/actionmall.act.at\/shop\/1783\/wp-json\/wp\/v2\/product_cat?post=317"},{"taxonomy":"product_tag","embeddable":true,"href":"https:\/\/actionmall.act.at\/shop\/1783\/wp-json\/wp\/v2\/product_tag?post=317"}],"curies":[{"name":"wp","href":"https:\/\/api.w.org\/{rel}","templated":true}]}}