{"id":255,"date":"2024-10-25T11:26:15","date_gmt":"2024-10-25T09:26:15","guid":{"rendered":"https:\/\/actionmall.act.at\/shop\/1785\/?post_type=product&#038;p=255"},"modified":"2025-03-21T12:15:27","modified_gmt":"2025-03-21T11:15:27","slug":"karabegovic-eman-newc-panzer-schutz-glas-iphone-16-15-15pro","status":"publish","type":"product","link":"https:\/\/actionmall.act.at\/shop\/1785\/en\/produkt\/karabegovic-eman-newc-panzer-schutz-glas-iphone-16-15-15pro\/","title":{"rendered":"New&#8217;C Panzer Schutz Glas iPhone 16\/15\/15Pro I148"},"content":{"rendered":"<p><span class=\"ui-provider a b c d e f g h i j k l m n o p q r s t u v w x y z ab ac ae af ag ah ai aj ak\" dir=\"ltr\">Das New&#8217;C Panzerglas f\u00fcr das iPhone 16, iPhone 15 und iPhone 15 Pro bietet maximalen Schutz f\u00fcr das Display. Hergestellt aus robustem, geh\u00e4rtetem Glas sch\u00fctzt es effektiv vor Kratzern, St\u00f6\u00dfen und Rissen. Mit pr\u00e4zisen Aussparungen f\u00fcr die Kamera und Sensoren garantiert es eine optimale Passform ohne die Funktionalit\u00e4t des Bildschirms zu beeintr\u00e4chtigen. Das Panzerglas ist ultrad\u00fcnn und klar, sodass die Touchscreen-Empfindlichkeit erhalten bleibt und das Display in brillanter Sch\u00e4rfe erstrahlt. Ideal f\u00fcr alle, die hochwertigen Schutz suchen, ohne das Design des iPhones zu beeintr\u00e4chtigen.<\/span><\/p>\n","protected":false},"excerpt":{"rendered":"<p>Das New&#8217;C Panzerglas f\u00fcr das iPhone 16, iPhone 15 und iPhone 15 Pro bietet maximalen Schutz f\u00fcr das Display. Hergestellt aus robustem, geh\u00e4rtetem Glas sch\u00fctzt es effektiv vor Kratzern, St\u00f6\u00dfen und Rissen. Mit pr\u00e4zisen Aussparungen f\u00fcr die Kamera und Sensoren garantiert es eine optimale Passform ohne die Funktionalit\u00e4t des Bildschirms zu beeintr\u00e4chtigen. Das Panzerglas ist [&hellip;]<\/p>\n","protected":false},"featured_media":256,"template":"","meta":[],"product_cat":[],"product_tag":[],"class_list":{"0":"post-255","1":"product","2":"type-product","3":"status-publish","4":"has-post-thumbnail","7":"first","8":"instock","9":"taxable","10":"shipping-taxable","11":"purchasable","12":"product-type-simple"},"_links":{"self":[{"href":"https:\/\/actionmall.act.at\/shop\/1785\/en\/wp-json\/wp\/v2\/product\/255"}],"collection":[{"href":"https:\/\/actionmall.act.at\/shop\/1785\/en\/wp-json\/wp\/v2\/product"}],"about":[{"href":"https:\/\/actionmall.act.at\/shop\/1785\/en\/wp-json\/wp\/v2\/types\/product"}],"wp:featuredmedia":[{"embeddable":true,"href":"https:\/\/actionmall.act.at\/shop\/1785\/en\/wp-json\/wp\/v2\/media\/256"}],"wp:attachment":[{"href":"https:\/\/actionmall.act.at\/shop\/1785\/en\/wp-json\/wp\/v2\/media?parent=255"}],"wp:term":[{"taxonomy":"product_cat","embeddable":true,"href":"https:\/\/actionmall.act.at\/shop\/1785\/en\/wp-json\/wp\/v2\/product_cat?post=255"},{"taxonomy":"product_tag","embeddable":true,"href":"https:\/\/actionmall.act.at\/shop\/1785\/en\/wp-json\/wp\/v2\/product_tag?post=255"}],"curies":[{"name":"wp","href":"https:\/\/api.w.org\/{rel}","templated":true}]}}