{"id":313,"date":"2025-03-07T13:01:57","date_gmt":"2025-03-07T12:01:57","guid":{"rendered":"https:\/\/actionmall.act.at\/shop\/1785\/?post_type=product&#038;p=313"},"modified":"2025-03-14T12:01:02","modified_gmt":"2025-03-14T11:01:02","slug":"samsung-galaxy-s25-serie-i201","status":"publish","type":"product","link":"https:\/\/actionmall.act.at\/shop\/1785\/en\/produkt\/samsung-galaxy-s25-serie-i201\/","title":{"rendered":"Samsung Galaxy S25-Serie I201"},"content":{"rendered":"<p>Erleben Sie modernes Design und leistungsstarke Technologie mit dem iVision Ultra Gray. Das schlanke, graue Smartphone besticht durch sein randloses Display, eine hochaufl\u00f6sende Triple-Kamera und eine edle, metallische Oberfl\u00e4che. Perfekt f\u00fcr alle, die Stil und Performance vereinen wollen!<\/p>\n","protected":false},"excerpt":{"rendered":"<p>Erleben Sie modernes Design und leistungsstarke Technologie mit dem iVision Ultra Gray. Das schlanke, graue Smartphone besticht durch sein randloses Display, eine hochaufl\u00f6sende Triple-Kamera und eine edle, metallische Oberfl\u00e4che. Perfekt f\u00fcr alle, die Stil und Performance vereinen wollen!<\/p>\n","protected":false},"featured_media":315,"template":"","meta":[],"product_cat":[],"product_tag":[],"class_list":{"0":"post-313","1":"product","2":"type-product","3":"status-publish","4":"has-post-thumbnail","7":"first","8":"instock","9":"taxable","10":"shipping-taxable","11":"purchasable","12":"product-type-simple"},"_links":{"self":[{"href":"https:\/\/actionmall.act.at\/shop\/1785\/en\/wp-json\/wp\/v2\/product\/313"}],"collection":[{"href":"https:\/\/actionmall.act.at\/shop\/1785\/en\/wp-json\/wp\/v2\/product"}],"about":[{"href":"https:\/\/actionmall.act.at\/shop\/1785\/en\/wp-json\/wp\/v2\/types\/product"}],"wp:featuredmedia":[{"embeddable":true,"href":"https:\/\/actionmall.act.at\/shop\/1785\/en\/wp-json\/wp\/v2\/media\/315"}],"wp:attachment":[{"href":"https:\/\/actionmall.act.at\/shop\/1785\/en\/wp-json\/wp\/v2\/media?parent=313"}],"wp:term":[{"taxonomy":"product_cat","embeddable":true,"href":"https:\/\/actionmall.act.at\/shop\/1785\/en\/wp-json\/wp\/v2\/product_cat?post=313"},{"taxonomy":"product_tag","embeddable":true,"href":"https:\/\/actionmall.act.at\/shop\/1785\/en\/wp-json\/wp\/v2\/product_tag?post=313"}],"curies":[{"name":"wp","href":"https:\/\/api.w.org\/{rel}","templated":true}]}}