{"id":314,"date":"2025-03-07T13:01:34","date_gmt":"2025-03-07T12:01:34","guid":{"rendered":"https:\/\/actionmall.act.at\/shop\/1785\/?post_type=product&#038;p=314"},"modified":"2025-03-07T13:02:23","modified_gmt":"2025-03-07T12:02:23","slug":"microsoft-surface-pro-9-i182","status":"publish","type":"product","link":"https:\/\/actionmall.act.at\/shop\/1785\/en\/produkt\/microsoft-surface-pro-9-i182\/","title":{"rendered":"Microsoft Surface Pro 9 I182"},"content":{"rendered":"<div class=\"flex max-w-full flex-col flex-grow\">\n<div class=\"min-h-8 text-message relative flex w-full flex-col items-end gap-2 whitespace-normal break-words text-start [.text-message+&#038;]:mt-5\" dir=\"auto\" data-message-author-role=\"assistant\" data-message-id=\"c3cb9ba7-4594-4dc3-b261-c5c2ac9073b4\" data-message-model-slug=\"gpt-4o\">\n<div class=\"flex w-full flex-col gap-1 empty:hidden first:pt-[3px]\">\n<div class=\"markdown prose w-full break-words dark:prose-invert light\">\n<p data-start=\"0\" data-end=\"587\" data-is-last-node=\"\" data-is-only-node=\"\">Das <strong data-start=\"4\" data-end=\"31\">Microsoft Surface Pro 9<\/strong> ist ein leistungsstarkes 2-in-1-Ger\u00e4t, das die Flexibilit\u00e4t eines Tablets mit der Leistung eines Laptops kombiniert. Es verf\u00fcgt \u00fcber ein <strong data-start=\"169\" data-end=\"199\">13-Zoll-PixelSense-Display<\/strong> mit 120 Hz, unterst\u00fctzt <strong data-start=\"224\" data-end=\"251\">Touch- und Stifteingabe<\/strong> und bietet starke Leistung dank <strong data-start=\"284\" data-end=\"329\">Intel Core-Prozessoren der 12. Generation<\/strong> oder einer energieeffizienten <strong data-start=\"360\" data-end=\"383\">ARM-Variante mit 5G<\/strong>. Mit einer <strong data-start=\"395\" data-end=\"435\">Akkulaufzeit von bis zu 15,5 Stunden<\/strong>, <strong data-start=\"437\" data-end=\"466\">Thunderbolt 4-Anschl\u00fcssen<\/strong> (bei der Intel-Version) und einem leichten, schlanken Design ist es ideal f\u00fcr mobiles Arbeiten und kreative Anwendungen.<\/p>\n<\/div>\n<\/div>\n<\/div>\n<\/div>\n","protected":false},"excerpt":{"rendered":"<p>Das Microsoft Surface Pro 9 ist ein leistungsstarkes 2-in-1-Ger\u00e4t, das die Flexibilit\u00e4t eines Tablets mit der Leistung eines Laptops kombiniert. Es verf\u00fcgt \u00fcber ein 13-Zoll-PixelSense-Display mit 120 Hz, unterst\u00fctzt Touch- und Stifteingabe und bietet starke Leistung dank Intel Core-Prozessoren der 12. Generation oder einer energieeffizienten ARM-Variante mit 5G. Mit einer Akkulaufzeit von bis zu 15,5 [&hellip;]<\/p>\n","protected":false},"featured_media":316,"template":"","meta":[],"product_cat":[],"product_tag":[],"class_list":{"0":"post-314","1":"product","2":"type-product","3":"status-publish","4":"has-post-thumbnail","7":"first","8":"instock","9":"taxable","10":"shipping-taxable","11":"purchasable","12":"product-type-simple"},"_links":{"self":[{"href":"https:\/\/actionmall.act.at\/shop\/1785\/en\/wp-json\/wp\/v2\/product\/314"}],"collection":[{"href":"https:\/\/actionmall.act.at\/shop\/1785\/en\/wp-json\/wp\/v2\/product"}],"about":[{"href":"https:\/\/actionmall.act.at\/shop\/1785\/en\/wp-json\/wp\/v2\/types\/product"}],"wp:featuredmedia":[{"embeddable":true,"href":"https:\/\/actionmall.act.at\/shop\/1785\/en\/wp-json\/wp\/v2\/media\/316"}],"wp:attachment":[{"href":"https:\/\/actionmall.act.at\/shop\/1785\/en\/wp-json\/wp\/v2\/media?parent=314"}],"wp:term":[{"taxonomy":"product_cat","embeddable":true,"href":"https:\/\/actionmall.act.at\/shop\/1785\/en\/wp-json\/wp\/v2\/product_cat?post=314"},{"taxonomy":"product_tag","embeddable":true,"href":"https:\/\/actionmall.act.at\/shop\/1785\/en\/wp-json\/wp\/v2\/product_tag?post=314"}],"curies":[{"name":"wp","href":"https:\/\/api.w.org\/{rel}","templated":true}]}}