{"id":322,"date":"2025-03-07T13:08:51","date_gmt":"2025-03-07T12:08:51","guid":{"rendered":"https:\/\/actionmall.act.at\/shop\/1785\/?post_type=product&#038;p=322"},"modified":"2025-03-07T13:08:51","modified_gmt":"2025-03-07T12:08:51","slug":"oneplus-watch-3-i203","status":"publish","type":"product","link":"https:\/\/actionmall.act.at\/shop\/1785\/en\/produkt\/oneplus-watch-3-i203\/","title":{"rendered":"OnePlus Watch 3 I203"},"content":{"rendered":"<p>Die OnePlus Watch 3 vereint stilvolles Design mit modernster Technologie. Mit ihrem hochaufl\u00f6senden AMOLED-Display, einem edlen grauen Metallgeh\u00e4use und einem bequemen Armband ist sie der perfekte Begleiter f\u00fcrAlltag und Sport. Leistungsstarke Gesundheits- und Fitnessfunktionen sowie eine lange Akkulaufzeit machen sie zu einer Smartwatch der Extraklasse.<\/p>\n","protected":false},"excerpt":{"rendered":"<p>Die OnePlus Watch 3 vereint stilvolles Design mit modernster Technologie. Mit ihrem hochaufl\u00f6senden AMOLED-Display, einem edlen grauen Metallgeh\u00e4use und einem bequemen Armband ist sie der perfekte Begleiter f\u00fcrAlltag und Sport. Leistungsstarke Gesundheits- und Fitnessfunktionen sowie eine lange Akkulaufzeit machen sie zu einer Smartwatch der Extraklasse.<\/p>\n","protected":false},"featured_media":324,"template":"","meta":[],"product_cat":[],"product_tag":[],"class_list":{"0":"post-322","1":"product","2":"type-product","3":"status-publish","4":"has-post-thumbnail","7":"first","8":"instock","9":"taxable","10":"shipping-taxable","11":"purchasable","12":"product-type-simple"},"_links":{"self":[{"href":"https:\/\/actionmall.act.at\/shop\/1785\/en\/wp-json\/wp\/v2\/product\/322"}],"collection":[{"href":"https:\/\/actionmall.act.at\/shop\/1785\/en\/wp-json\/wp\/v2\/product"}],"about":[{"href":"https:\/\/actionmall.act.at\/shop\/1785\/en\/wp-json\/wp\/v2\/types\/product"}],"wp:featuredmedia":[{"embeddable":true,"href":"https:\/\/actionmall.act.at\/shop\/1785\/en\/wp-json\/wp\/v2\/media\/324"}],"wp:attachment":[{"href":"https:\/\/actionmall.act.at\/shop\/1785\/en\/wp-json\/wp\/v2\/media?parent=322"}],"wp:term":[{"taxonomy":"product_cat","embeddable":true,"href":"https:\/\/actionmall.act.at\/shop\/1785\/en\/wp-json\/wp\/v2\/product_cat?post=322"},{"taxonomy":"product_tag","embeddable":true,"href":"https:\/\/actionmall.act.at\/shop\/1785\/en\/wp-json\/wp\/v2\/product_tag?post=322"}],"curies":[{"name":"wp","href":"https:\/\/api.w.org\/{rel}","templated":true}]}}