{"id":339,"date":"2025-03-14T12:13:12","date_gmt":"2025-03-14T11:13:12","guid":{"rendered":"https:\/\/actionmall.act.at\/shop\/1785\/?post_type=product&#038;p=339"},"modified":"2025-03-14T12:13:12","modified_gmt":"2025-03-14T11:13:12","slug":"oneplus-13r-i197","status":"publish","type":"product","link":"https:\/\/actionmall.act.at\/shop\/1785\/en\/produkt\/oneplus-13r-i197\/","title":{"rendered":"OnePlus 13R I197"},"content":{"rendered":"<p>Das OnePlus 13R \u00fcberzeugt mit mattschwarzem Design, randlosem OLED-Display und einem vertikalen Triple-Kamera-System. Das schlanke Geh\u00e4use mit Metallrahmen und dezentem OnePlus-Logo sorgt f\u00fcr einen edlen Look.<\/p>\n","protected":false},"excerpt":{"rendered":"<p>Das OnePlus 13R \u00fcberzeugt mit mattschwarzem Design, randlosem OLED-Display und einem vertikalen Triple-Kamera-System. Das schlanke Geh\u00e4use mit Metallrahmen und dezentem OnePlus-Logo sorgt f\u00fcr einen edlen Look.<\/p>\n","protected":false},"featured_media":340,"template":"","meta":[],"product_cat":[],"product_tag":[],"class_list":{"0":"post-339","1":"product","2":"type-product","3":"status-publish","4":"has-post-thumbnail","7":"first","8":"instock","9":"taxable","10":"shipping-taxable","11":"purchasable","12":"product-type-simple"},"_links":{"self":[{"href":"https:\/\/actionmall.act.at\/shop\/1785\/en\/wp-json\/wp\/v2\/product\/339"}],"collection":[{"href":"https:\/\/actionmall.act.at\/shop\/1785\/en\/wp-json\/wp\/v2\/product"}],"about":[{"href":"https:\/\/actionmall.act.at\/shop\/1785\/en\/wp-json\/wp\/v2\/types\/product"}],"wp:featuredmedia":[{"embeddable":true,"href":"https:\/\/actionmall.act.at\/shop\/1785\/en\/wp-json\/wp\/v2\/media\/340"}],"wp:attachment":[{"href":"https:\/\/actionmall.act.at\/shop\/1785\/en\/wp-json\/wp\/v2\/media?parent=339"}],"wp:term":[{"taxonomy":"product_cat","embeddable":true,"href":"https:\/\/actionmall.act.at\/shop\/1785\/en\/wp-json\/wp\/v2\/product_cat?post=339"},{"taxonomy":"product_tag","embeddable":true,"href":"https:\/\/actionmall.act.at\/shop\/1785\/en\/wp-json\/wp\/v2\/product_tag?post=339"}],"curies":[{"name":"wp","href":"https:\/\/api.w.org\/{rel}","templated":true}]}}