{"id":347,"date":"2025-03-21T12:12:23","date_gmt":"2025-03-21T11:12:23","guid":{"rendered":"https:\/\/actionmall.act.at\/shop\/1785\/?post_type=product&#038;p=347"},"modified":"2025-03-21T12:13:08","modified_gmt":"2025-03-21T11:13:08","slug":"lenovo-thinkpad-x9-aura-edition-i198","status":"publish","type":"product","link":"https:\/\/actionmall.act.at\/shop\/1785\/en\/produkt\/lenovo-thinkpad-x9-aura-edition-i198\/","title":{"rendered":"Lenovo ThinkPad X9 Aura Edition I198"},"content":{"rendered":"<p>Ultraleichtes Design, leistungsstarke KI-Features, brillante Displayqualit\u00e4t, optimiert f\u00fcr Business-Produktivit\u00e4t und moderne Sicherheitsl\u00f6sungen.<\/p>\n","protected":false},"excerpt":{"rendered":"<p>Ultraleichtes Design, leistungsstarke KI-Features, brillante Displayqualit\u00e4t, optimiert f\u00fcr Business-Produktivit\u00e4t und moderne Sicherheitsl\u00f6sungen.<\/p>\n","protected":false},"featured_media":350,"template":"","meta":[],"product_cat":[],"product_tag":[],"class_list":{"0":"post-347","1":"product","2":"type-product","3":"status-publish","4":"has-post-thumbnail","7":"first","8":"instock","9":"taxable","10":"shipping-taxable","11":"purchasable","12":"product-type-simple"},"_links":{"self":[{"href":"https:\/\/actionmall.act.at\/shop\/1785\/en\/wp-json\/wp\/v2\/product\/347"}],"collection":[{"href":"https:\/\/actionmall.act.at\/shop\/1785\/en\/wp-json\/wp\/v2\/product"}],"about":[{"href":"https:\/\/actionmall.act.at\/shop\/1785\/en\/wp-json\/wp\/v2\/types\/product"}],"wp:featuredmedia":[{"embeddable":true,"href":"https:\/\/actionmall.act.at\/shop\/1785\/en\/wp-json\/wp\/v2\/media\/350"}],"wp:attachment":[{"href":"https:\/\/actionmall.act.at\/shop\/1785\/en\/wp-json\/wp\/v2\/media?parent=347"}],"wp:term":[{"taxonomy":"product_cat","embeddable":true,"href":"https:\/\/actionmall.act.at\/shop\/1785\/en\/wp-json\/wp\/v2\/product_cat?post=347"},{"taxonomy":"product_tag","embeddable":true,"href":"https:\/\/actionmall.act.at\/shop\/1785\/en\/wp-json\/wp\/v2\/product_tag?post=347"}],"curies":[{"name":"wp","href":"https:\/\/api.w.org\/{rel}","templated":true}]}}