{"id":352,"date":"2025-03-21T12:40:40","date_gmt":"2025-03-21T11:40:40","guid":{"rendered":"https:\/\/actionmall.act.at\/shop\/1785\/?post_type=product&#038;p=352"},"modified":"2025-03-21T12:43:53","modified_gmt":"2025-03-21T11:43:53","slug":"lenovo-m73-2-notebook-i102","status":"publish","type":"product","link":"https:\/\/actionmall.act.at\/shop\/1785\/en\/produkt\/lenovo-m73-2-notebook-i102\/","title":{"rendered":"LENOVO M73\/2 Notebook I102"},"content":{"rendered":"<p>Der Lenovo M73\/2 Notebook I102 ist ein kompakter und leistungsf\u00e4higer Laptop mit einem Intel-Prozessor, schnellem SSD-Speicher und bis zu 32 GB RAM. Er bietet vielseitige Anschlussm\u00f6glichkeiten wie USB, VGA und DisplayPort. Ideal f\u00fcr B\u00fcroanwendungen und den t\u00e4glichen Gebrauch.<\/p>\n","protected":false},"excerpt":{"rendered":"<p>Der Lenovo M73\/2 Notebook I102 ist ein kompakter und leistungsf\u00e4higer Laptop mit einem Intel-Prozessor, schnellem SSD-Speicher und bis zu 32 GB RAM. Er bietet vielseitige Anschlussm\u00f6glichkeiten wie USB, VGA und DisplayPort. Ideal f\u00fcr B\u00fcroanwendungen und den t\u00e4glichen Gebrauch.<\/p>\n","protected":false},"featured_media":353,"template":"","meta":[],"product_cat":[],"product_tag":[],"class_list":{"0":"post-352","1":"product","2":"type-product","3":"status-publish","4":"has-post-thumbnail","7":"first","8":"instock","9":"taxable","10":"shipping-taxable","11":"purchasable","12":"product-type-simple"},"_links":{"self":[{"href":"https:\/\/actionmall.act.at\/shop\/1785\/en\/wp-json\/wp\/v2\/product\/352"}],"collection":[{"href":"https:\/\/actionmall.act.at\/shop\/1785\/en\/wp-json\/wp\/v2\/product"}],"about":[{"href":"https:\/\/actionmall.act.at\/shop\/1785\/en\/wp-json\/wp\/v2\/types\/product"}],"wp:featuredmedia":[{"embeddable":true,"href":"https:\/\/actionmall.act.at\/shop\/1785\/en\/wp-json\/wp\/v2\/media\/353"}],"wp:attachment":[{"href":"https:\/\/actionmall.act.at\/shop\/1785\/en\/wp-json\/wp\/v2\/media?parent=352"}],"wp:term":[{"taxonomy":"product_cat","embeddable":true,"href":"https:\/\/actionmall.act.at\/shop\/1785\/en\/wp-json\/wp\/v2\/product_cat?post=352"},{"taxonomy":"product_tag","embeddable":true,"href":"https:\/\/actionmall.act.at\/shop\/1785\/en\/wp-json\/wp\/v2\/product_tag?post=352"}],"curies":[{"name":"wp","href":"https:\/\/api.w.org\/{rel}","templated":true}]}}