{"id":358,"date":"2025-03-21T12:46:25","date_gmt":"2025-03-21T11:46:25","guid":{"rendered":"https:\/\/actionmall.act.at\/shop\/1785\/?post_type=product&#038;p=358"},"modified":"2025-03-21T12:46:25","modified_gmt":"2025-03-21T11:46:25","slug":"hyper-byte-office-pc-i104","status":"publish","type":"product","link":"https:\/\/actionmall.act.at\/shop\/1785\/en\/produkt\/hyper-byte-office-pc-i104\/","title":{"rendered":"HYPER BYTE Office Pc I104"},"content":{"rendered":"<p><span class=\"relative -mx-px my-[-0.2rem] rounded px-px py-[0.2rem]\">Der HYPER BYTE\u00ae Office PC ist ein leistungsstarker Desktop-Computer, der speziell f\u00fcr B\u00fcro- und Multimedia-Anwendungen entwickelt wurde.<\/span> <span class=\"relative -mx-px my-[-0.2rem] rounded px-px py-[0.2rem] bg-[#FCECC1] dark:bg-[#64572A]\">Ausgestattet mit einem Intel Quad Core i7 Prozessor mit einer Taktfrequenz von 3,9 GHz, bietet er eine solide Leistung f\u00fcr allt\u00e4gliche Aufgaben.<\/span> <span class=\"relative -mx-px my-[-0.2rem] rounded px-px py-[0.2rem]\">Der PC verf\u00fcgt \u00fcber 32 GB RAM und eine 1 TB SSD-Festplatte, die schnelle Datenzugriffe und ausreichend Speicherplatz gew\u00e4hrleisten.<\/span> <span class=\"relative -mx-px my-[-0.2rem] rounded px-px py-[0.2rem] bg-[#FCECC1] dark:bg-[#64572A]\">Mit vorinstalliertem Windows 11 Pro, integriertem WLAN, DVD+RW-Laufwerk und USB 3.0-Anschl\u00fcssen ist er vielseitig einsetzbar.<\/span><\/p>\n","protected":false},"excerpt":{"rendered":"<p>Der HYPER BYTE\u00ae Office PC ist ein leistungsstarker Desktop-Computer, der speziell f\u00fcr B\u00fcro- und Multimedia-Anwendungen entwickelt wurde. Ausgestattet mit einem Intel Quad Core i7 Prozessor mit einer Taktfrequenz von 3,9 GHz, bietet er eine solide Leistung f\u00fcr allt\u00e4gliche Aufgaben. Der PC verf\u00fcgt \u00fcber 32 GB RAM und eine 1 TB SSD-Festplatte, die schnelle Datenzugriffe und [&hellip;]<\/p>\n","protected":false},"featured_media":359,"template":"","meta":[],"product_cat":[],"product_tag":[],"class_list":{"0":"post-358","1":"product","2":"type-product","3":"status-publish","4":"has-post-thumbnail","7":"first","8":"instock","9":"taxable","10":"shipping-taxable","11":"purchasable","12":"product-type-simple"},"_links":{"self":[{"href":"https:\/\/actionmall.act.at\/shop\/1785\/en\/wp-json\/wp\/v2\/product\/358"}],"collection":[{"href":"https:\/\/actionmall.act.at\/shop\/1785\/en\/wp-json\/wp\/v2\/product"}],"about":[{"href":"https:\/\/actionmall.act.at\/shop\/1785\/en\/wp-json\/wp\/v2\/types\/product"}],"wp:featuredmedia":[{"embeddable":true,"href":"https:\/\/actionmall.act.at\/shop\/1785\/en\/wp-json\/wp\/v2\/media\/359"}],"wp:attachment":[{"href":"https:\/\/actionmall.act.at\/shop\/1785\/en\/wp-json\/wp\/v2\/media?parent=358"}],"wp:term":[{"taxonomy":"product_cat","embeddable":true,"href":"https:\/\/actionmall.act.at\/shop\/1785\/en\/wp-json\/wp\/v2\/product_cat?post=358"},{"taxonomy":"product_tag","embeddable":true,"href":"https:\/\/actionmall.act.at\/shop\/1785\/en\/wp-json\/wp\/v2\/product_tag?post=358"}],"curies":[{"name":"wp","href":"https:\/\/api.w.org\/{rel}","templated":true}]}}