{"id":361,"date":"2025-03-21T12:48:45","date_gmt":"2025-03-21T11:48:45","guid":{"rendered":"https:\/\/actionmall.act.at\/shop\/1785\/?post_type=product&#038;p=361"},"modified":"2025-03-21T12:49:04","modified_gmt":"2025-03-21T11:49:04","slug":"ankermann-pc-business-office-work-v1-i105","status":"publish","type":"product","link":"https:\/\/actionmall.act.at\/shop\/1785\/en\/produkt\/ankermann-pc-business-office-work-v1-i105\/","title":{"rendered":"ANKERMANN-PC Business Office Work V1 I105"},"content":{"rendered":"<p>Der ANKERMANN-PC Business Office Work V1 ist ein leistungsstarker Desktop-PC f\u00fcr B\u00fcroanwendungen. Er bietet einen schnellen Prozessor, 8 GB RAM, eine 256 GB SSD und integrierte Grafik. Mit Windows 10\/11 und einer Vielzahl an Anschl\u00fcssen eignet er sich ideal f\u00fcr allt\u00e4gliche B\u00fcroaufgaben.<\/p>\n","protected":false},"excerpt":{"rendered":"<p>Der ANKERMANN-PC Business Office Work V1 ist ein leistungsstarker Desktop-PC f\u00fcr B\u00fcroanwendungen. Er bietet einen schnellen Prozessor, 8 GB RAM, eine 256 GB SSD und integrierte Grafik. Mit Windows 10\/11 und einer Vielzahl an Anschl\u00fcssen eignet er sich ideal f\u00fcr allt\u00e4gliche B\u00fcroaufgaben.<\/p>\n","protected":false},"featured_media":362,"template":"","meta":[],"product_cat":[],"product_tag":[],"class_list":{"0":"post-361","1":"product","2":"type-product","3":"status-publish","4":"has-post-thumbnail","7":"first","8":"instock","9":"taxable","10":"shipping-taxable","11":"purchasable","12":"product-type-simple"},"_links":{"self":[{"href":"https:\/\/actionmall.act.at\/shop\/1785\/en\/wp-json\/wp\/v2\/product\/361"}],"collection":[{"href":"https:\/\/actionmall.act.at\/shop\/1785\/en\/wp-json\/wp\/v2\/product"}],"about":[{"href":"https:\/\/actionmall.act.at\/shop\/1785\/en\/wp-json\/wp\/v2\/types\/product"}],"wp:featuredmedia":[{"embeddable":true,"href":"https:\/\/actionmall.act.at\/shop\/1785\/en\/wp-json\/wp\/v2\/media\/362"}],"wp:attachment":[{"href":"https:\/\/actionmall.act.at\/shop\/1785\/en\/wp-json\/wp\/v2\/media?parent=361"}],"wp:term":[{"taxonomy":"product_cat","embeddable":true,"href":"https:\/\/actionmall.act.at\/shop\/1785\/en\/wp-json\/wp\/v2\/product_cat?post=361"},{"taxonomy":"product_tag","embeddable":true,"href":"https:\/\/actionmall.act.at\/shop\/1785\/en\/wp-json\/wp\/v2\/product_tag?post=361"}],"curies":[{"name":"wp","href":"https:\/\/api.w.org\/{rel}","templated":true}]}}