{"id":363,"date":"2025-03-21T12:51:04","date_gmt":"2025-03-21T11:51:04","guid":{"rendered":"https:\/\/actionmall.act.at\/shop\/1785\/?post_type=product&#038;p=363"},"modified":"2025-03-21T12:53:59","modified_gmt":"2025-03-21T11:53:59","slug":"hp-m01-f4904ng-desktop-pc-i106","status":"publish","type":"product","link":"https:\/\/actionmall.act.at\/shop\/1785\/en\/produkt\/hp-m01-f4904ng-desktop-pc-i106\/","title":{"rendered":"HP M01-F4904NG Desktop PC I106"},"content":{"rendered":"<p>Der <strong data-start=\"4\" data-end=\"33\">HP M01-F4904NG Desktop PC<\/strong> ist ein kompakter und leistungsf\u00e4higer Computer, der sich ideal f\u00fcr den privaten und gesch\u00e4ftlichen Einsatz eignet. Mit einem <strong data-start=\"160\" data-end=\"185\">AMD Ryzen 3 Prozessor<\/strong> bietet er eine zuverl\u00e4ssige Leistung f\u00fcr allt\u00e4gliche Aufgaben wie Surfen, B\u00fcroarbeit und Multitasking. Der PC ist mit <strong data-start=\"304\" data-end=\"316\">8 GB RAM<\/strong> ausgestattet, sodass er reibungslos mehrere Anwendungen gleichzeitig ausf\u00fchren kann. Eine schnelle <strong data-start=\"416\" data-end=\"430\">256 GB SSD<\/strong> sorgt f\u00fcr kurze Ladezeiten und schnellen Zugriff auf Dateien und Programme.<\/p>\n","protected":false},"excerpt":{"rendered":"<p>Der HP M01-F4904NG Desktop PC ist ein kompakter und leistungsf\u00e4higer Computer, der sich ideal f\u00fcr den privaten und gesch\u00e4ftlichen Einsatz eignet. Mit einem AMD Ryzen 3 Prozessor bietet er eine zuverl\u00e4ssige Leistung f\u00fcr allt\u00e4gliche Aufgaben wie Surfen, B\u00fcroarbeit und Multitasking. Der PC ist mit 8 GB RAM ausgestattet, sodass er reibungslos mehrere Anwendungen gleichzeitig ausf\u00fchren [&hellip;]<\/p>\n","protected":false},"featured_media":366,"template":"","meta":[],"product_cat":[],"product_tag":[],"class_list":{"0":"post-363","1":"product","2":"type-product","3":"status-publish","4":"has-post-thumbnail","7":"first","8":"instock","9":"taxable","10":"shipping-taxable","11":"purchasable","12":"product-type-simple"},"_links":{"self":[{"href":"https:\/\/actionmall.act.at\/shop\/1785\/en\/wp-json\/wp\/v2\/product\/363"}],"collection":[{"href":"https:\/\/actionmall.act.at\/shop\/1785\/en\/wp-json\/wp\/v2\/product"}],"about":[{"href":"https:\/\/actionmall.act.at\/shop\/1785\/en\/wp-json\/wp\/v2\/types\/product"}],"wp:featuredmedia":[{"embeddable":true,"href":"https:\/\/actionmall.act.at\/shop\/1785\/en\/wp-json\/wp\/v2\/media\/366"}],"wp:attachment":[{"href":"https:\/\/actionmall.act.at\/shop\/1785\/en\/wp-json\/wp\/v2\/media?parent=363"}],"wp:term":[{"taxonomy":"product_cat","embeddable":true,"href":"https:\/\/actionmall.act.at\/shop\/1785\/en\/wp-json\/wp\/v2\/product_cat?post=363"},{"taxonomy":"product_tag","embeddable":true,"href":"https:\/\/actionmall.act.at\/shop\/1785\/en\/wp-json\/wp\/v2\/product_tag?post=363"}],"curies":[{"name":"wp","href":"https:\/\/api.w.org\/{rel}","templated":true}]}}