{"id":367,"date":"2025-03-21T12:56:44","date_gmt":"2025-03-21T11:56:44","guid":{"rendered":"https:\/\/actionmall.act.at\/shop\/1785\/?post_type=product&#038;p=367"},"modified":"2025-03-21T12:57:35","modified_gmt":"2025-03-21T11:57:35","slug":"hp-victus-tg02-2901ng-desktop-pc-i107","status":"publish","type":"product","link":"https:\/\/actionmall.act.at\/shop\/1785\/en\/produkt\/hp-victus-tg02-2901ng-desktop-pc-i107\/","title":{"rendered":"HP Victus TG02-2901ng Desktop PC I107"},"content":{"rendered":"<p data-start=\"0\" data-end=\"189\">Der <strong data-start=\"4\" data-end=\"40\">HP Victus TG02-2901ng Desktop PC<\/strong> ist ein leistungsstarker Gaming-PC, der auch f\u00fcr anspruchsvollere Anwendungen wie Multimedia-Produktion und High-End-Spiele geeignet ist. Er bietet:<\/p>\n<ul data-start=\"191\" data-end=\"763\">\n<li data-start=\"191\" data-end=\"318\"><strong data-start=\"193\" data-end=\"206\">Prozessor<\/strong>: Ein <strong data-start=\"212\" data-end=\"227\">AMD Ryzen 5<\/strong> Prozessor, der f\u00fcr schnelle Performance bei Multitasking und intensiven Anwendungen sorgt.<\/li>\n<li data-start=\"319\" data-end=\"426\"><strong data-start=\"321\" data-end=\"336\">Grafikkarte<\/strong>: <strong data-start=\"338\" data-end=\"365\">NVIDIA GeForce GTX 1650<\/strong> f\u00fcr fl\u00fcssiges Gaming und eine beeindruckende Grafikleistung.<\/li>\n<li data-start=\"427\" data-end=\"507\"><strong data-start=\"429\" data-end=\"448\">Arbeitsspeicher<\/strong>: 8 GB <strong data-start=\"455\" data-end=\"462\">RAM<\/strong> f\u00fcr reibungsloses Arbeiten und Multitasking.<\/li>\n<li data-start=\"508\" data-end=\"626\"><strong data-start=\"510\" data-end=\"522\">Speicher<\/strong>: Eine <strong data-start=\"529\" data-end=\"543\">512 GB SSD<\/strong>, die f\u00fcr schnelle Ladezeiten und ausreichend Platz f\u00fcr Spiele und Programme sorgt.<\/li>\n<li data-start=\"627\" data-end=\"763\"><strong data-start=\"629\" data-end=\"647\">Betriebssystem<\/strong>: Vorinstalliertes <strong data-start=\"666\" data-end=\"680\">Windows 11<\/strong>, das eine moderne Benutzeroberfl\u00e4che und umfassende Softwarekompatibilit\u00e4t bietet<\/li>\n<\/ul>\n","protected":false},"excerpt":{"rendered":"<p>Der HP Victus TG02-2901ng Desktop PC ist ein leistungsstarker Gaming-PC, der auch f\u00fcr anspruchsvollere Anwendungen wie Multimedia-Produktion und High-End-Spiele geeignet ist. Er bietet: Prozessor: Ein AMD Ryzen 5 Prozessor, der f\u00fcr schnelle Performance bei Multitasking und intensiven Anwendungen sorgt. Grafikkarte: NVIDIA GeForce GTX 1650 f\u00fcr fl\u00fcssiges Gaming und eine beeindruckende Grafikleistung. Arbeitsspeicher: 8 GB RAM [&hellip;]<\/p>\n","protected":false},"featured_media":369,"template":"","meta":[],"product_cat":[],"product_tag":[],"class_list":{"0":"post-367","1":"product","2":"type-product","3":"status-publish","4":"has-post-thumbnail","7":"first","8":"instock","9":"taxable","10":"shipping-taxable","11":"purchasable","12":"product-type-simple"},"_links":{"self":[{"href":"https:\/\/actionmall.act.at\/shop\/1785\/en\/wp-json\/wp\/v2\/product\/367"}],"collection":[{"href":"https:\/\/actionmall.act.at\/shop\/1785\/en\/wp-json\/wp\/v2\/product"}],"about":[{"href":"https:\/\/actionmall.act.at\/shop\/1785\/en\/wp-json\/wp\/v2\/types\/product"}],"wp:featuredmedia":[{"embeddable":true,"href":"https:\/\/actionmall.act.at\/shop\/1785\/en\/wp-json\/wp\/v2\/media\/369"}],"wp:attachment":[{"href":"https:\/\/actionmall.act.at\/shop\/1785\/en\/wp-json\/wp\/v2\/media?parent=367"}],"wp:term":[{"taxonomy":"product_cat","embeddable":true,"href":"https:\/\/actionmall.act.at\/shop\/1785\/en\/wp-json\/wp\/v2\/product_cat?post=367"},{"taxonomy":"product_tag","embeddable":true,"href":"https:\/\/actionmall.act.at\/shop\/1785\/en\/wp-json\/wp\/v2\/product_tag?post=367"}],"curies":[{"name":"wp","href":"https:\/\/api.w.org\/{rel}","templated":true}]}}