{"id":387,"date":"2025-03-28T12:46:30","date_gmt":"2025-03-28T11:46:30","guid":{"rendered":"https:\/\/actionmall.act.at\/shop\/1785\/?post_type=product&#038;p=387"},"modified":"2025-03-28T12:46:31","modified_gmt":"2025-03-28T11:46:31","slug":"seminar-strategische-und-geopol-i111","status":"publish","type":"product","link":"https:\/\/actionmall.act.at\/shop\/1785\/en\/produkt\/seminar-strategische-und-geopol-i111\/","title":{"rendered":"Seminar &#8220;Strategische und geopol.&#8221; I111"},"content":{"rendered":"<p>Behandelt die Wechselwirkungen zwischen globalen politischen Entwicklungen, wirtschaftlichen Interessen und strategischen Entscheidungen. Themen k\u00f6nnen geopolitische Machtverschiebungen, internationale Wirtschaftsstrategien, Sicherheitspolitik und der Einfluss globaler Akteure auf M\u00e4rkte und Staaten umfassen. Ziel ist es, ein tieferes Verst\u00e4ndnis f\u00fcr geopolitische Dynamiken zu entwickeln und strategische Denkweisen f\u00fcr wirtschaftliche oder politische Entscheidungen zu sch\u00e4rfen.<\/p>\n","protected":false},"excerpt":{"rendered":"<p>Behandelt die Wechselwirkungen zwischen globalen politischen Entwicklungen, wirtschaftlichen Interessen und strategischen Entscheidungen. Themen k\u00f6nnen geopolitische Machtverschiebungen, internationale Wirtschaftsstrategien, Sicherheitspolitik und der Einfluss globaler Akteure auf M\u00e4rkte und Staaten umfassen. Ziel ist es, ein tieferes Verst\u00e4ndnis f\u00fcr geopolitische Dynamiken zu entwickeln und strategische Denkweisen f\u00fcr wirtschaftliche oder politische Entscheidungen zu sch\u00e4rfen.<\/p>\n","protected":false},"featured_media":388,"template":"","meta":[],"product_cat":[],"product_tag":[],"class_list":{"0":"post-387","1":"product","2":"type-product","3":"status-publish","4":"has-post-thumbnail","7":"first","8":"instock","9":"taxable","10":"shipping-taxable","11":"purchasable","12":"product-type-simple"},"_links":{"self":[{"href":"https:\/\/actionmall.act.at\/shop\/1785\/en\/wp-json\/wp\/v2\/product\/387"}],"collection":[{"href":"https:\/\/actionmall.act.at\/shop\/1785\/en\/wp-json\/wp\/v2\/product"}],"about":[{"href":"https:\/\/actionmall.act.at\/shop\/1785\/en\/wp-json\/wp\/v2\/types\/product"}],"wp:featuredmedia":[{"embeddable":true,"href":"https:\/\/actionmall.act.at\/shop\/1785\/en\/wp-json\/wp\/v2\/media\/388"}],"wp:attachment":[{"href":"https:\/\/actionmall.act.at\/shop\/1785\/en\/wp-json\/wp\/v2\/media?parent=387"}],"wp:term":[{"taxonomy":"product_cat","embeddable":true,"href":"https:\/\/actionmall.act.at\/shop\/1785\/en\/wp-json\/wp\/v2\/product_cat?post=387"},{"taxonomy":"product_tag","embeddable":true,"href":"https:\/\/actionmall.act.at\/shop\/1785\/en\/wp-json\/wp\/v2\/product_tag?post=387"}],"curies":[{"name":"wp","href":"https:\/\/api.w.org\/{rel}","templated":true}]}}