{"id":405,"date":"2025-03-28T13:07:19","date_gmt":"2025-03-28T12:07:19","guid":{"rendered":"https:\/\/actionmall.act.at\/shop\/1785\/?post_type=product&#038;p=405"},"modified":"2025-03-28T13:07:19","modified_gmt":"2025-03-28T12:07:19","slug":"uniqueme-schutzfolie-2stueck-fuer-samsung-galaxy-u23-i147","status":"publish","type":"product","link":"https:\/\/actionmall.act.at\/shop\/1785\/en\/produkt\/uniqueme-schutzfolie-2stueck-fuer-samsung-galaxy-u23-i147\/","title":{"rendered":"UniqueMe Schutzfolie 2St\u00fcck f\u00fcr Samsung Galaxy U23 I147"},"content":{"rendered":"<p class=\"\" data-start=\"0\" data-end=\"210\">Die <strong data-start=\"4\" data-end=\"51\">UniqueMe Schutzfolie f\u00fcr Samsung Galaxy U23<\/strong> (2 St\u00fcck) bietet einen effektiven Schutz f\u00fcr das Display deines Ger\u00e4ts. Sie sch\u00fctzt vor Kratzern, St\u00f6\u00dfen und Schmutz und bewahrt die Klarheit des Bildschirms.<\/p>\n<p class=\"\" data-start=\"212\" data-end=\"225\"><strong data-start=\"212\" data-end=\"225\">Merkmale:<\/strong><\/p>\n<ul data-start=\"226\" data-end=\"582\">\n<li class=\"\" data-start=\"226\" data-end=\"284\">\n<p class=\"\" data-start=\"228\" data-end=\"284\"><strong data-start=\"228\" data-end=\"240\">2er-Pack<\/strong>: Zwei Schutzfolien f\u00fcr zus\u00e4tzlichen Ersatz.<\/p>\n<\/li>\n<li class=\"\" data-start=\"285\" data-end=\"338\">\n<p class=\"\" data-start=\"287\" data-end=\"338\"><strong data-start=\"287\" data-end=\"300\">H\u00e4rtegrad<\/strong>: 9H, sch\u00fctzt vor Kratzern und St\u00f6\u00dfen.<\/p>\n<\/li>\n<li class=\"\" data-start=\"339\" data-end=\"428\">\n<p class=\"\" data-start=\"341\" data-end=\"428\"><strong data-start=\"341\" data-end=\"356\">Transparenz<\/strong>: Klar und hochaufl\u00f6send, keine Beeintr\u00e4chtigung der Bildschirmqualit\u00e4t.<\/p>\n<\/li>\n<li class=\"\" data-start=\"429\" data-end=\"514\">\n<p class=\"\" data-start=\"431\" data-end=\"514\"><strong data-start=\"431\" data-end=\"459\">Blasenfreie Installation<\/strong>: Einfach anzubringen, ohne Luftblasen zu hinterlassen.<\/p>\n<\/li>\n<li class=\"\" data-start=\"515\" data-end=\"582\">\n<p class=\"\" data-start=\"517\" data-end=\"582\"><strong data-start=\"517\" data-end=\"543\">Oleophobe Beschichtung<\/strong>: Reduziert Fingerabdr\u00fccke und Schmutz.<\/p>\n<\/li>\n<\/ul>\n<p class=\"\" data-start=\"584\" data-end=\"731\"><strong data-start=\"584\" data-end=\"607\">Besondere Features:<\/strong> \u2705 Hohe Empfindlichkeit f\u00fcr Touchscreen-Funktionalit\u00e4t<br data-start=\"661\" data-end=\"664\" \/>\u2705 Langlebig und widerstandsf\u00e4hig<br data-start=\"696\" data-end=\"699\" \/>\u2705 Sch\u00fctzt vor Staub und Kratzern<\/p>\n","protected":false},"excerpt":{"rendered":"<p>Die UniqueMe Schutzfolie f\u00fcr Samsung Galaxy U23 (2 St\u00fcck) bietet einen effektiven Schutz f\u00fcr das Display deines Ger\u00e4ts. Sie sch\u00fctzt vor Kratzern, St\u00f6\u00dfen und Schmutz und bewahrt die Klarheit des Bildschirms. Merkmale: 2er-Pack: Zwei Schutzfolien f\u00fcr zus\u00e4tzlichen Ersatz. H\u00e4rtegrad: 9H, sch\u00fctzt vor Kratzern und St\u00f6\u00dfen. Transparenz: Klar und hochaufl\u00f6send, keine Beeintr\u00e4chtigung der Bildschirmqualit\u00e4t. Blasenfreie Installation: [&hellip;]<\/p>\n","protected":false},"featured_media":406,"template":"","meta":[],"product_cat":[],"product_tag":[],"class_list":{"0":"post-405","1":"product","2":"type-product","3":"status-publish","4":"has-post-thumbnail","7":"first","8":"instock","9":"taxable","10":"shipping-taxable","11":"purchasable","12":"product-type-simple"},"_links":{"self":[{"href":"https:\/\/actionmall.act.at\/shop\/1785\/en\/wp-json\/wp\/v2\/product\/405"}],"collection":[{"href":"https:\/\/actionmall.act.at\/shop\/1785\/en\/wp-json\/wp\/v2\/product"}],"about":[{"href":"https:\/\/actionmall.act.at\/shop\/1785\/en\/wp-json\/wp\/v2\/types\/product"}],"wp:featuredmedia":[{"embeddable":true,"href":"https:\/\/actionmall.act.at\/shop\/1785\/en\/wp-json\/wp\/v2\/media\/406"}],"wp:attachment":[{"href":"https:\/\/actionmall.act.at\/shop\/1785\/en\/wp-json\/wp\/v2\/media?parent=405"}],"wp:term":[{"taxonomy":"product_cat","embeddable":true,"href":"https:\/\/actionmall.act.at\/shop\/1785\/en\/wp-json\/wp\/v2\/product_cat?post=405"},{"taxonomy":"product_tag","embeddable":true,"href":"https:\/\/actionmall.act.at\/shop\/1785\/en\/wp-json\/wp\/v2\/product_tag?post=405"}],"curies":[{"name":"wp","href":"https:\/\/api.w.org\/{rel}","templated":true}]}}