{"id":505,"date":"2025-11-20T08:25:32","date_gmt":"2025-11-20T07:25:32","guid":{"rendered":"https:\/\/actionmall.act.at\/shop\/1785\/?post_type=product&#038;p=505"},"modified":"2025-11-20T11:09:03","modified_gmt":"2025-11-20T10:09:03","slug":"apple-iphone-17-air","status":"publish","type":"product","link":"https:\/\/actionmall.act.at\/shop\/1785\/en\/produkt\/apple-iphone-17-air\/","title":{"rendered":"Apple Iphone 17 Air"},"content":{"rendered":"<p>Das iPhone 17 Air vereint ultraleichtes Design mit herausragender Leistung dank des neuen A17 Bionic Chips und einem beeindruckenden OLED Super Retina Display. Mit einer 48 MP Kamera und 5G-Unterst\u00fctzung bietet es erstklassige Fotografie und ultraschnelle Konnektivit\u00e4t. Die lange Akkulaufzeit und die Kompatibilit\u00e4t mit MagSafe-Zubeh\u00f6r machen das iPhone 17 Air noch praktischer. Erh\u00e4ltlich in eleganten Farben und verschiedenen Speicherkapazit\u00e4ten, ist es das perfekte Ger\u00e4t f\u00fcr alle, die Leistung und Innovation suchen.<\/p>\n","protected":false},"excerpt":{"rendered":"<p>Das iPhone 17 Air vereint ultraleichtes Design mit herausragender Leistung dank des neuen A17 Bionic Chips und einem beeindruckenden OLED Super Retina Display. Mit einer 48 MP Kamera und 5G-Unterst\u00fctzung bietet es erstklassige Fotografie und ultraschnelle Konnektivit\u00e4t. Die lange Akkulaufzeit und die Kompatibilit\u00e4t mit MagSafe-Zubeh\u00f6r machen das iPhone 17 Air noch praktischer. Erh\u00e4ltlich in eleganten [&hellip;]<\/p>\n","protected":false},"featured_media":509,"template":"","meta":[],"product_cat":[],"product_tag":[],"class_list":{"0":"post-505","1":"product","2":"type-product","3":"status-publish","4":"has-post-thumbnail","7":"first","8":"instock","9":"taxable","10":"shipping-taxable","11":"purchasable","12":"product-type-simple"},"_links":{"self":[{"href":"https:\/\/actionmall.act.at\/shop\/1785\/en\/wp-json\/wp\/v2\/product\/505"}],"collection":[{"href":"https:\/\/actionmall.act.at\/shop\/1785\/en\/wp-json\/wp\/v2\/product"}],"about":[{"href":"https:\/\/actionmall.act.at\/shop\/1785\/en\/wp-json\/wp\/v2\/types\/product"}],"wp:featuredmedia":[{"embeddable":true,"href":"https:\/\/actionmall.act.at\/shop\/1785\/en\/wp-json\/wp\/v2\/media\/509"}],"wp:attachment":[{"href":"https:\/\/actionmall.act.at\/shop\/1785\/en\/wp-json\/wp\/v2\/media?parent=505"}],"wp:term":[{"taxonomy":"product_cat","embeddable":true,"href":"https:\/\/actionmall.act.at\/shop\/1785\/en\/wp-json\/wp\/v2\/product_cat?post=505"},{"taxonomy":"product_tag","embeddable":true,"href":"https:\/\/actionmall.act.at\/shop\/1785\/en\/wp-json\/wp\/v2\/product_tag?post=505"}],"curies":[{"name":"wp","href":"https:\/\/api.w.org\/{rel}","templated":true}]}}