{"id":510,"date":"2025-11-20T10:04:33","date_gmt":"2025-11-20T09:04:33","guid":{"rendered":"https:\/\/actionmall.act.at\/shop\/1785\/?post_type=product&#038;p=510"},"modified":"2025-11-20T11:08:45","modified_gmt":"2025-11-20T10:08:45","slug":"apple-airpods-pro-3-generation","status":"publish","type":"product","link":"https:\/\/actionmall.act.at\/shop\/1785\/en\/produkt\/apple-airpods-pro-3-generation\/","title":{"rendered":"Apple Airpods Pro 3. Generation"},"content":{"rendered":"<p>Die Apple Airpods pro 3. Generation l\u00e4sst Ihre H\u00f6rerfahrung um einiges besser werden. Sie reduzieren Hintergrundger\u00e4usche und sind auch vor Schwei\u00df resistent. Die neuen Airpods geben Ihnen ein erstaunliches 3D Erlebnis. Sie verfolgen Kopfbewegungen damit Ihnen immer die beste Sound Qualit\u00e4t zu Verf\u00fcgung steht.<\/p>\n","protected":false},"excerpt":{"rendered":"<p>Die Apple Airpods pro 3. Generation l\u00e4sst Ihre H\u00f6rerfahrung um einiges besser werden. Sie reduzieren Hintergrundger\u00e4usche und sind auch vor Schwei\u00df resistent. Die neuen Airpods geben Ihnen ein erstaunliches 3D Erlebnis. Sie verfolgen Kopfbewegungen damit Ihnen immer die beste Sound Qualit\u00e4t zu Verf\u00fcgung steht.<\/p>\n","protected":false},"featured_media":511,"template":"","meta":[],"product_cat":[],"product_tag":[],"class_list":{"0":"post-510","1":"product","2":"type-product","3":"status-publish","4":"has-post-thumbnail","7":"first","8":"instock","9":"taxable","10":"shipping-taxable","11":"purchasable","12":"product-type-simple"},"_links":{"self":[{"href":"https:\/\/actionmall.act.at\/shop\/1785\/en\/wp-json\/wp\/v2\/product\/510"}],"collection":[{"href":"https:\/\/actionmall.act.at\/shop\/1785\/en\/wp-json\/wp\/v2\/product"}],"about":[{"href":"https:\/\/actionmall.act.at\/shop\/1785\/en\/wp-json\/wp\/v2\/types\/product"}],"wp:featuredmedia":[{"embeddable":true,"href":"https:\/\/actionmall.act.at\/shop\/1785\/en\/wp-json\/wp\/v2\/media\/511"}],"wp:attachment":[{"href":"https:\/\/actionmall.act.at\/shop\/1785\/en\/wp-json\/wp\/v2\/media?parent=510"}],"wp:term":[{"taxonomy":"product_cat","embeddable":true,"href":"https:\/\/actionmall.act.at\/shop\/1785\/en\/wp-json\/wp\/v2\/product_cat?post=510"},{"taxonomy":"product_tag","embeddable":true,"href":"https:\/\/actionmall.act.at\/shop\/1785\/en\/wp-json\/wp\/v2\/product_tag?post=510"}],"curies":[{"name":"wp","href":"https:\/\/api.w.org\/{rel}","templated":true}]}}