{"id":512,"date":"2025-11-20T11:08:02","date_gmt":"2025-11-20T10:08:02","guid":{"rendered":"https:\/\/actionmall.act.at\/shop\/1785\/?post_type=product&#038;p=512"},"modified":"2025-11-20T11:12:54","modified_gmt":"2025-11-20T10:12:54","slug":"sportuhr-garmin","status":"publish","type":"product","link":"https:\/\/actionmall.act.at\/shop\/1785\/en\/produkt\/sportuhr-garmin\/","title":{"rendered":"Sportuhr Garmin"},"content":{"rendered":"<p>Diese neue Garmin Sportuhr ist flexibel und f\u00fcr jedes Wetter geeignet. Es ist Wasserfest und ideal mit Solarladung ausgestattet. Mit dem robusten 1,10 Zoll Bildschirm ist es einfach Ihren Fortschritt abzulesen trotz starker Sonnenstrahlung.<\/p>\n<p>Die Garmin Sportuhr ist mit Bluetooth ausgestattet. Dadurch k\u00f6nnen Sie immer mit Ihren Handy verbunden sein.<\/p>\n<p>Die neueste Funktion ist der Rollstuhl Modus! Die Sportuhr erkennt Sch\u00fcbe anstatt Schritte und auch so k\u00f6nnen sie jederzeit Ihren Fortschritt \u00fcberpr\u00fcfen!<\/p>\n","protected":false},"excerpt":{"rendered":"<p>Diese neue Garmin Sportuhr ist flexibel und f\u00fcr jedes Wetter geeignet. Es ist Wasserfest und ideal mit Solarladung ausgestattet. Mit dem robusten 1,10 Zoll Bildschirm ist es einfach Ihren Fortschritt abzulesen trotz starker Sonnenstrahlung. Die Garmin Sportuhr ist mit Bluetooth ausgestattet. Dadurch k\u00f6nnen Sie immer mit Ihren Handy verbunden sein. Die neueste Funktion ist der [&hellip;]<\/p>\n","protected":false},"featured_media":514,"template":"","meta":[],"product_cat":[],"product_tag":[],"class_list":{"0":"post-512","1":"product","2":"type-product","3":"status-publish","4":"has-post-thumbnail","7":"first","8":"instock","9":"taxable","10":"shipping-taxable","11":"purchasable","12":"product-type-simple"},"_links":{"self":[{"href":"https:\/\/actionmall.act.at\/shop\/1785\/en\/wp-json\/wp\/v2\/product\/512"}],"collection":[{"href":"https:\/\/actionmall.act.at\/shop\/1785\/en\/wp-json\/wp\/v2\/product"}],"about":[{"href":"https:\/\/actionmall.act.at\/shop\/1785\/en\/wp-json\/wp\/v2\/types\/product"}],"wp:featuredmedia":[{"embeddable":true,"href":"https:\/\/actionmall.act.at\/shop\/1785\/en\/wp-json\/wp\/v2\/media\/514"}],"wp:attachment":[{"href":"https:\/\/actionmall.act.at\/shop\/1785\/en\/wp-json\/wp\/v2\/media?parent=512"}],"wp:term":[{"taxonomy":"product_cat","embeddable":true,"href":"https:\/\/actionmall.act.at\/shop\/1785\/en\/wp-json\/wp\/v2\/product_cat?post=512"},{"taxonomy":"product_tag","embeddable":true,"href":"https:\/\/actionmall.act.at\/shop\/1785\/en\/wp-json\/wp\/v2\/product_tag?post=512"}],"curies":[{"name":"wp","href":"https:\/\/api.w.org\/{rel}","templated":true}]}}