{"id":516,"date":"2025-11-20T11:12:37","date_gmt":"2025-11-20T10:12:37","guid":{"rendered":"https:\/\/actionmall.act.at\/shop\/1785\/?post_type=product&#038;p=516"},"modified":"2025-11-20T11:12:37","modified_gmt":"2025-11-20T10:12:37","slug":"panzerglas-iphone-17-air","status":"publish","type":"product","link":"https:\/\/actionmall.act.at\/shop\/1785\/en\/produkt\/panzerglas-iphone-17-air\/","title":{"rendered":"Panzerglas Iphone 17 Air"},"content":{"rendered":"<p>Panzergl\u00e4ser anzubringen war noch nie so einfach! Unser Packet kommt mit einer Hilfe zum Anlegen des Panzerglases und zwei weiteren Exemplaren! Mit der Anlegehilfe lassen sich keine Blasen vermeiden und es muss nicht mehr mit der perfekten Anlage gek\u00e4mpft werden!<\/p>\n<p>Unser neues Panzerglas sch\u00fctzt Ihr Handy vor Kratzer und Wassertropfen lassen sich dank der speziellen Oberfl\u00e4che einfach abperlen. Die Farben und Aufl\u00f6sung von Bildern bleiben weiterhin sch\u00f6n erhalten.<\/p>\n","protected":false},"excerpt":{"rendered":"<p>Panzergl\u00e4ser anzubringen war noch nie so einfach! Unser Packet kommt mit einer Hilfe zum Anlegen des Panzerglases und zwei weiteren Exemplaren! Mit der Anlegehilfe lassen sich keine Blasen vermeiden und es muss nicht mehr mit der perfekten Anlage gek\u00e4mpft werden! Unser neues Panzerglas sch\u00fctzt Ihr Handy vor Kratzer und Wassertropfen lassen sich dank der speziellen [&hellip;]<\/p>\n","protected":false},"featured_media":508,"template":"","meta":[],"product_cat":[],"product_tag":[],"class_list":{"0":"post-516","1":"product","2":"type-product","3":"status-publish","4":"has-post-thumbnail","7":"first","8":"instock","9":"taxable","10":"shipping-taxable","11":"purchasable","12":"product-type-simple"},"_links":{"self":[{"href":"https:\/\/actionmall.act.at\/shop\/1785\/en\/wp-json\/wp\/v2\/product\/516"}],"collection":[{"href":"https:\/\/actionmall.act.at\/shop\/1785\/en\/wp-json\/wp\/v2\/product"}],"about":[{"href":"https:\/\/actionmall.act.at\/shop\/1785\/en\/wp-json\/wp\/v2\/types\/product"}],"wp:featuredmedia":[{"embeddable":true,"href":"https:\/\/actionmall.act.at\/shop\/1785\/en\/wp-json\/wp\/v2\/media\/508"}],"wp:attachment":[{"href":"https:\/\/actionmall.act.at\/shop\/1785\/en\/wp-json\/wp\/v2\/media?parent=516"}],"wp:term":[{"taxonomy":"product_cat","embeddable":true,"href":"https:\/\/actionmall.act.at\/shop\/1785\/en\/wp-json\/wp\/v2\/product_cat?post=516"},{"taxonomy":"product_tag","embeddable":true,"href":"https:\/\/actionmall.act.at\/shop\/1785\/en\/wp-json\/wp\/v2\/product_tag?post=516"}],"curies":[{"name":"wp","href":"https:\/\/api.w.org\/{rel}","templated":true}]}}