{"id":592,"date":"2026-04-28T09:16:15","date_gmt":"2026-04-28T07:16:15","guid":{"rendered":"https:\/\/actionmall.act.at\/shop\/1785\/?post_type=product&#038;p=592"},"modified":"2026-04-28T09:42:46","modified_gmt":"2026-04-28T07:42:46","slug":"samsung-odyssey-oled-g6","status":"publish","type":"product","link":"https:\/\/actionmall.act.at\/shop\/1785\/en\/produkt\/samsung-odyssey-oled-g6\/","title":{"rendered":"Samsung Odyssey OLED G6"},"content":{"rendered":"<p>Der\u00a0<em>Samsung Odyssey OLED\u00a0G6<\/em>\u00a0ist mit 27\u00a0Zoll ein Gaming-Monitor der mittleren Gr\u00f6\u00dfenkategorie. Reaktionszeit und Aktualisierungsrate betragen flotte\u00a0<strong>0,03\u00a0ms<\/strong>\u00a0beziehungsweise 240\u00a0Hz. Der Frame-Abgleich zwischen Bildschirm und GPU erfolgt via\u00a0<strong>FreeSync und G-Sync<\/strong>. 2560 \u00d7 1440\u00a0Pixel reichen aus, um eine scharfe Darstellung bieten zu k\u00f6nnen. Das OLED-Panel zeichnet sich durch kraftvolle Farben und gute Schwarzwerte aus. Der DCI-P3-Farbraum wird zu 99\u00a0% abgedeckt, was eine besonders realistische Farbdarstellung erm\u00f6glicht, zum Beispiel bei der Bildbearbeitung. F\u00fcr helle R\u00e4umlichkeiten und B\u00fcros ist der Bildschirm nicht die erste Wahl. Seine maximale Helligkeit f\u00e4llt mit\u00a0<strong>250\u00a0cd\/m\u00b2<\/strong>\u00a0nur unterdurchschnittlich aus.<\/p>\n","protected":false},"excerpt":{"rendered":"<p>Der\u00a0Samsung Odyssey OLED\u00a0G6\u00a0ist mit 27\u00a0Zoll ein Gaming-Monitor der mittleren Gr\u00f6\u00dfenkategorie. Reaktionszeit und Aktualisierungsrate betragen flotte\u00a00,03\u00a0ms\u00a0beziehungsweise 240\u00a0Hz. Der Frame-Abgleich zwischen Bildschirm und GPU erfolgt via\u00a0FreeSync und G-Sync. 2560 \u00d7 1440\u00a0Pixel reichen aus, um eine scharfe Darstellung bieten zu k\u00f6nnen. Das OLED-Panel zeichnet sich durch kraftvolle Farben und gute Schwarzwerte aus. Der DCI-P3-Farbraum wird zu 99\u00a0% abgedeckt, [&hellip;]<\/p>\n","protected":false},"featured_media":594,"template":"","meta":[],"product_cat":[58],"product_tag":[],"class_list":{"0":"post-592","1":"product","2":"type-product","3":"status-publish","4":"has-post-thumbnail","6":"product_cat-it-und-elektronik","8":"first","9":"instock","10":"taxable","11":"shipping-taxable","12":"purchasable","13":"product-type-simple"},"_links":{"self":[{"href":"https:\/\/actionmall.act.at\/shop\/1785\/en\/wp-json\/wp\/v2\/product\/592"}],"collection":[{"href":"https:\/\/actionmall.act.at\/shop\/1785\/en\/wp-json\/wp\/v2\/product"}],"about":[{"href":"https:\/\/actionmall.act.at\/shop\/1785\/en\/wp-json\/wp\/v2\/types\/product"}],"wp:featuredmedia":[{"embeddable":true,"href":"https:\/\/actionmall.act.at\/shop\/1785\/en\/wp-json\/wp\/v2\/media\/594"}],"wp:attachment":[{"href":"https:\/\/actionmall.act.at\/shop\/1785\/en\/wp-json\/wp\/v2\/media?parent=592"}],"wp:term":[{"taxonomy":"product_cat","embeddable":true,"href":"https:\/\/actionmall.act.at\/shop\/1785\/en\/wp-json\/wp\/v2\/product_cat?post=592"},{"taxonomy":"product_tag","embeddable":true,"href":"https:\/\/actionmall.act.at\/shop\/1785\/en\/wp-json\/wp\/v2\/product_tag?post=592"}],"curies":[{"name":"wp","href":"https:\/\/api.w.org\/{rel}","templated":true}]}}