{"id":299,"date":"2025-02-28T13:05:11","date_gmt":"2025-02-28T12:05:11","guid":{"rendered":"https:\/\/actionmall.act.at\/shop\/1785\/?post_type=product&#038;p=299"},"modified":"2025-03-07T11:46:12","modified_gmt":"2025-03-07T10:46:12","slug":"apple-handyhuelle-iphone-16-pro-steingrau-i164","status":"publish","type":"product","link":"https:\/\/actionmall.act.at\/shop\/1785\/produkt\/apple-handyhuelle-iphone-16-pro-steingrau-i164\/","title":{"rendered":"Apple Handyh\u00fclle Iphone 16 Pro Steingrau I164"},"content":{"rendered":"<p>Die <strong data-start=\"44\" data-end=\"97\">Apple Silikonh\u00fclle f\u00fcr iPhone 16 Pro in Steingrau<\/strong> bietet einen eleganten und praktischen Schutz f\u00fcr Ihr Ger\u00e4t. Sie besteht zu 55 % aus recyceltem Silikonmaterial und verf\u00fcgt \u00fcber eine weiche, samtige Oberfl\u00e4che, die angenehm in der Hand liegt. Das Innenfutter aus Mikrofaser sch\u00fctzt zus\u00e4tzlich vor Kratzern. Integrierte Magnete sorgen f\u00fcr eine nahtlose Verbindung mit Ihrem iPhone und erm\u00f6glichen schnelleres kabelloses Laden mit MagSafe oder Qi2-zertifizierten Ladeger\u00e4ten. Die H\u00fclle ist speziell f\u00fcr das iPhone 16 Pro konzipiert und gew\u00e4hrleistet einen perfekten Sitz.<\/p>\n","protected":false},"excerpt":{"rendered":"<p>Die Apple Silikonh\u00fclle f\u00fcr iPhone 16 Pro in Steingrau bietet einen eleganten und praktischen Schutz f\u00fcr Ihr Ger\u00e4t. Sie besteht zu 55 % aus recyceltem Silikonmaterial und verf\u00fcgt \u00fcber eine weiche, samtige Oberfl\u00e4che, die angenehm in der Hand liegt. Das Innenfutter aus Mikrofaser sch\u00fctzt zus\u00e4tzlich vor Kratzern. Integrierte Magnete sorgen f\u00fcr eine nahtlose Verbindung mit [&hellip;]<\/p>\n","protected":false},"featured_media":300,"template":"","meta":[],"product_cat":[],"product_tag":[],"class_list":{"0":"post-299","1":"product","2":"type-product","3":"status-publish","4":"has-post-thumbnail","7":"first","8":"instock","9":"taxable","10":"shipping-taxable","11":"purchasable","12":"product-type-simple"},"_links":{"self":[{"href":"https:\/\/actionmall.act.at\/shop\/1785\/wp-json\/wp\/v2\/product\/299"}],"collection":[{"href":"https:\/\/actionmall.act.at\/shop\/1785\/wp-json\/wp\/v2\/product"}],"about":[{"href":"https:\/\/actionmall.act.at\/shop\/1785\/wp-json\/wp\/v2\/types\/product"}],"wp:featuredmedia":[{"embeddable":true,"href":"https:\/\/actionmall.act.at\/shop\/1785\/wp-json\/wp\/v2\/media\/300"}],"wp:attachment":[{"href":"https:\/\/actionmall.act.at\/shop\/1785\/wp-json\/wp\/v2\/media?parent=299"}],"wp:term":[{"taxonomy":"product_cat","embeddable":true,"href":"https:\/\/actionmall.act.at\/shop\/1785\/wp-json\/wp\/v2\/product_cat?post=299"},{"taxonomy":"product_tag","embeddable":true,"href":"https:\/\/actionmall.act.at\/shop\/1785\/wp-json\/wp\/v2\/product_tag?post=299"}],"curies":[{"name":"wp","href":"https:\/\/api.w.org\/{rel}","templated":true}]}}